{"id":81,"date":"2010-08-01T17:35:50","date_gmt":"2010-08-01T15:35:50","guid":{"rendered":"http:\/\/127.0.0.1\/mandolare-wp\/?page_id=81"},"modified":"2021-08-21T09:49:36","modified_gmt":"2021-08-21T07:49:36","slug":"il-vostro-tempo-libero","status":"publish","type":"page","link":"https:\/\/www.lemandolare.it\/?page_id=81","title":{"rendered":"Attivit\u00e0 e itinerari"},"content":{"rendered":"<h3><strong>La sala lettura, l\u2019area pic-nic, il parco giochi per i bimbi, il percorso vita: <\/strong><\/h3>\n<table style=\"width: 650px; border: 0px none;\">\n<tbody>\n<tr>\n<td style=\"padding-left: 20px; padding-right: 30px; border: 0px;\"><span class=\"ptext\"> <\/span><\/p>\n<ul style=\"text-align: left;\"> Nell&#8217;area attrezzata per il pic-nic potrete ammirare lo splendido panorama che spazia dai Colli Euganei alla parte meridionale della provincia vicentina.<\/ul>\n<p><a href=\"https:\/\/www.lemandolare.it\/wp-content\/uploads\/2010\/08\/terrazza.jpg\"><img loading=\"lazy\" decoding=\"async\" title=\"terrazza\" src=\"https:\/\/www.lemandolare.it\/wp-content\/uploads\/2010\/08\/terrazza-150x150.jpg\" alt=\"\" width=\"150\" height=\"150\"><\/a> <a href=\"https:\/\/www.lemandolare.it\/wp-content\/uploads\/2010\/08\/panorama-mandolare.jpg\"><img loading=\"lazy\" decoding=\"async\" title=\"panorama mandolare\" src=\"https:\/\/www.lemandolare.it\/wp-content\/uploads\/2010\/08\/panorama-mandolare-150x150.jpg\" alt=\"\" width=\"150\" height=\"150\"><\/a> <a href=\"https:\/\/www.lemandolare.it\/wp-content\/uploads\/2012\/10\/piscina-panorama-le-mandolare-villaga.jpg\"><img loading=\"lazy\" decoding=\"async\" title=\"piscina panorama le mandolare villaga\" src=\"https:\/\/www.lemandolare.it\/wp-content\/uploads\/2012\/10\/piscina-panorama-le-mandolare-villaga-150x150.jpg\" alt=\"\" width=\"150\" height=\"150\"><\/a><\/td>\n<\/tr>\n<\/tbody>\n<\/table>\n<table style=\"width: 650px; border: 0px none;\">\n<tbody>\n<tr>\n<td style=\"padding-left: 20px; padding-right: 30px; border: 0px;\"><span class=\"ptext\"> <strong> <\/strong><\/span><\/p>\n<div>A disposizione degli ospiti vi sono poi un forno a legna e un barbeque.<\/div>\n<div><a href=\"https:\/\/www.lemandolare.it\/wp-content\/uploads\/2010\/08\/forno2.jpg\"><img loading=\"lazy\" decoding=\"async\" class=\"alignnone size-thumbnail wp-image-468\" title=\"forno2\" src=\"https:\/\/www.lemandolare.it\/wp-content\/uploads\/2010\/08\/forno2-150x150.jpg\" alt=\"\" width=\"150\" height=\"150\"><\/a> <a href=\"https:\/\/www.lemandolare.it\/wp-content\/uploads\/2010\/08\/forno-a-legna.jpg\"><img loading=\"lazy\" decoding=\"async\" class=\"alignnone size-thumbnail wp-image-1649\" title=\"forno a legna\" src=\"https:\/\/www.lemandolare.it\/wp-content\/uploads\/2010\/08\/forno-a-legna-150x150.jpg\" alt=\"\" width=\"150\" height=\"150\"><\/a> <a href=\"https:\/\/www.lemandolare.it\/wp-content\/uploads\/2010\/08\/grigliata.jpg\"><img loading=\"lazy\" decoding=\"async\" class=\"alignnone size-thumbnail wp-image-459\" title=\"grigliata\" src=\"https:\/\/www.lemandolare.it\/wp-content\/uploads\/2010\/08\/grigliata-150x138.jpg\" alt=\"\" width=\"150\" height=\"138\"><\/a><\/div>\n<div>Nel verde degli ulivi \u00e8 stata predisposta un\u2019area attrezzata per la ginnastica che si pu\u00f2 inserire all\u2019interno di un \u201cpercorso vita\u201d.<\/div>\n<div><a href=\"https:\/\/www.lemandolare.it\/wp-content\/uploads\/2010\/07\/IMG_1021_2.jpg\"><img loading=\"lazy\" decoding=\"async\" title=\"IMG_1021_2\" src=\"https:\/\/www.lemandolare.it\/wp-content\/uploads\/2010\/07\/IMG_1021_2-150x150.jpg\" alt=\"\" width=\"150\" height=\"150\"><\/a> <a href=\"https:\/\/www.lemandolare.it\/wp-content\/uploads\/2012\/08\/percorso-vita.jpg\"><img loading=\"lazy\" decoding=\"async\" title=\"percorso vita\" src=\"https:\/\/www.lemandolare.it\/wp-content\/uploads\/2012\/08\/percorso-vita-150x150.jpg\" alt=\"\" width=\"150\" height=\"150\"><\/a> <a href=\"https:\/\/www.lemandolare.it\/wp-content\/uploads\/2010\/07\/Azienda-Agricola-Agriturismo-Le-Mandolare-percorso-vita-2.jpg\"><img loading=\"lazy\" decoding=\"async\" class=\"alignnone size-thumbnail wp-image-1288\" title=\"Azienda Agricola -Agriturismo Le Mandolare -percorso vita 2\" src=\"https:\/\/www.lemandolare.it\/wp-content\/uploads\/2010\/07\/Azienda-Agricola-Agriturismo-Le-Mandolare-percorso-vita-2-150x150.jpg\" alt=\"\" width=\"150\" height=\"150\"><\/a><\/div>\n<ul>\n<li style=\"text-align: left;\"><strong>A fianco della piscina \u00e8 presente una piccola area gioco per i bambini pi\u00f9 piccoli.<\/strong><\/li>\n<\/ul>\n<div><a href=\"https:\/\/www.lemandolare.it\/wp-content\/uploads\/2010\/08\/area-giochi.jpg\"><img loading=\"lazy\" decoding=\"async\" title=\"area giochi\" src=\"https:\/\/www.lemandolare.it\/wp-content\/uploads\/2010\/08\/area-giochi-150x150.jpg\" alt=\"\" width=\"150\" height=\"150\"><\/a> <a href=\"https:\/\/www.lemandolare.it\/wp-content\/uploads\/2010\/08\/area-giochi-2.jpg\"><img loading=\"lazy\" decoding=\"async\" title=\"area giochi \" src=\"https:\/\/www.lemandolare.it\/wp-content\/uploads\/2010\/08\/area-giochi-2-150x150.jpg\" alt=\"\" width=\"150\" height=\"150\"><\/a> <a href=\"https:\/\/www.lemandolare.it\/wp-content\/uploads\/2010\/08\/panorama31.jpg\"><img loading=\"lazy\" decoding=\"async\" class=\"alignnone size-thumbnail wp-image-1787\" title=\"panorama3\" src=\"https:\/\/www.lemandolare.it\/wp-content\/uploads\/2010\/08\/panorama31-150x150.jpg\" alt=\"\" width=\"150\" height=\"150\"><\/a><\/div>\n<\/td>\n<\/tr>\n<\/tbody>\n<\/table>\n<p style=\"text-align: center;\">\n<p style=\"text-align: center;\"><a href=\"https:\/\/www.lemandolare.it\/wp-content\/uploads\/2010\/08\/area-giochi-2.jpg\"><\/a><\/p>\n<table style=\"width: 650px; border: 0px none;\">\n<tbody>\n<tr>\n<td style=\"padding-left: 20px; padding-right: 30px; border: 0px;\"><span class=\"ptext\"> <strong> <\/strong><\/span><\/p>\n<ul>\n<li style=\"text-align: left;\"><strong>Nell&#8217;area comune sono disponibili giochi di societ\u00e0 e del materiale informativo sul territorio circostante.<\/strong><\/li>\n<\/ul>\n<\/td>\n<\/tr>\n<\/tbody>\n<\/table>\n<p style=\"text-align: center;\"><a href=\"https:\/\/www.lemandolare.it\/wp-content\/uploads\/2010\/08\/lounge-e-vetrina-prodotti.jpg\"><img loading=\"lazy\" decoding=\"async\" class=\"alignnone size-thumbnail wp-image-1765\" title=\"lounge e vetrina prodotti\" src=\"https:\/\/www.lemandolare.it\/wp-content\/uploads\/2010\/08\/lounge-e-vetrina-prodotti-150x150.jpg\" alt=\"\" width=\"150\" height=\"150\"><\/a> <a href=\"https:\/\/www.lemandolare.it\/wp-content\/uploads\/2010\/08\/ingresso-alloggi-e-lounge-2.jpg\"><img loading=\"lazy\" decoding=\"async\" class=\"alignnone size-thumbnail wp-image-1764\" title=\"ingresso alloggi e lounge 2\" src=\"https:\/\/www.lemandolare.it\/wp-content\/uploads\/2010\/08\/ingresso-alloggi-e-lounge-2-150x150.jpg\" alt=\"\" width=\"150\" height=\"150\"><\/a> <a href=\"https:\/\/www.lemandolare.it\/wp-content\/uploads\/2010\/08\/foto-3.jpg\"><img loading=\"lazy\" decoding=\"async\" class=\"alignnone size-thumbnail wp-image-1763\" title=\"lounge\" src=\"https:\/\/www.lemandolare.it\/wp-content\/uploads\/2010\/08\/foto-3-150x150.jpg\" alt=\"\" width=\"150\" height=\"150\"><\/a> <a href=\"https:\/\/www.lemandolare.it\/wp-content\/uploads\/2010\/08\/ingresso-alloggi-e-lounge3.jpg\"><img loading=\"lazy\" decoding=\"async\" class=\"alignnone size-thumbnail wp-image-1762\" title=\"ingresso alloggi e lounge3\" src=\"https:\/\/www.lemandolare.it\/wp-content\/uploads\/2010\/08\/ingresso-alloggi-e-lounge3-150x150.jpg\" alt=\"\" width=\"150\" height=\"150\"><\/a><\/p>\n<h3>Itinerari culturali<\/h3>\n<p>Per chi invece ama le visite culturali \u00e8 possibile visitare le vicine ville palladiane e le numerosissime Ville Venete, di grande interesse storico ed artistico, tra cui vogliamo ricordare Villa Pisani, detta \u201cLa Rocca Pisana\u201d, a  Lonigo, Villa Pisani Bonetti a Bagnolo di Lonigo, Villa Fracanzan Piovene ad Orgiano, Villa Pigafetta Arnaldi Camerini a Mossano, Villa Saraceno ad Agugliaro, Villa Manin Cantarella a Noventa Vicentina.<\/p>\n<p><a href=\"https:\/\/www.lemandolare.it\/wp-content\/uploads\/2010\/08\/Piazza-dei-Signori-Vicenza.jpg\"><img loading=\"lazy\" decoding=\"async\" class=\"alignnone size-thumbnail wp-image-470\" title=\"Piazza-dei-Signori-Vicenza\" src=\"https:\/\/www.lemandolare.it\/wp-content\/uploads\/2010\/08\/Piazza-dei-Signori-Vicenza-150x150.jpg\" alt=\"\" width=\"150\" height=\"150\"><\/a> <a href=\"https:\/\/www.lemandolare.it\/wp-content\/uploads\/2012\/09\/Villa_Almerico_Capra_La_Rotonda-105.jpg\"><img loading=\"lazy\" decoding=\"async\" class=\"alignnone size-thumbnail wp-image-541\" title=\"Villa_Almerico_Capra_La_Rotonda-105\" src=\"https:\/\/www.lemandolare.it\/wp-content\/uploads\/2012\/09\/Villa_Almerico_Capra_La_Rotonda-105-150x150.jpg\" alt=\"\" width=\"150\" height=\"150\"><\/a> <a href=\"https:\/\/www.lemandolare.it\/wp-content\/uploads\/2012\/09\/350px-Prato_7_canale.jpg\"><img loading=\"lazy\" decoding=\"async\" class=\"alignnone size-thumbnail wp-image-569\" title=\"350px-Prato_7_canale\" src=\"https:\/\/www.lemandolare.it\/wp-content\/uploads\/2012\/09\/350px-Prato_7_canale-150x150.jpg\" alt=\"\" width=\"150\" height=\"150\"><\/a> <a href=\"https:\/\/www.lemandolare.it\/wp-content\/uploads\/2012\/09\/piazza-san-marco.jpeg\"><img loading=\"lazy\" decoding=\"async\" class=\"alignnone size-thumbnail wp-image-568\" title=\"piazza san marco\" src=\"https:\/\/www.lemandolare.it\/wp-content\/uploads\/2012\/09\/piazza-san-marco-150x150.jpg\" alt=\"\" width=\"150\" height=\"150\"><\/a><\/p>\n<p>L\u2019azienda si trova in un punto  strategico all\u2019interno della regione Veneto perch\u00e9 si ha la possibilit\u00e0  di raggiungere in breve tempo alcune delle pi\u00f9 belle citt\u00e0 del mondo tra  cui ricordiamo:<br \/>\nVerona, la citt\u00e0 di Giulietta e Romeo, dell\u2019Arena, di  Castelvecchio e di San Zeno;<br \/>\nVicenza, per eccellenza definita la citt\u00e0 del Palladio, che custodisce tesori come Villa Capra Valmarana della \u201cLa  Rotonda\u201d e Villa Valmarana \u201cai Nani\u201d, la splendida cittadina di Bassano del Grappa, il comprensorio dell\u2019altopiano di Asiago e dei 7 Comuni, i Colli Berici;<br \/>\nPadova, la citt\u00e0  dell\u2019Universit\u00e0, della Basilica di Sant\u2019Antonio, degli affreschi di Giotto agli Scrovegni, di Prato della Valle; le terme di Abano e le ville della riviera del Brenta, i Colli Euganei e Arqu\u00e0 Petrarca, Montagnana, Este e Monselice;<br \/>\nVenezia, famosa per la sua Basilica, nel complesso di Piazza San Marco e del Palazzo Ducale, ma anche di Palazzo Grassi e della  Collezione Guggenheim, del Carnevale e della Regata Storica, del teatro alla Fenice e della Mostra del Cinema, la sua laguna e le sue isole, le spiagge del Lido e della vicina Jesolo.<br \/>\nMa anche la deliziosa Asolo, le citt\u00e0 di Treviso e Belluno, piccoli gioielli di architettura, il Delta del Po\u2019 con il suo spettacolare parco naturalistico e le dolomiti del Cadore, recentemente dichiarate patrimonio dell&#8217;umanit\u00e0 ed infine la splendida Cortina.<\/td>\n<\/tr>\n<\/tbody>\n<\/table>\n","protected":false},"excerpt":{"rendered":"<p>La sala lettura, l\u2019area pic-nic, il parco giochi per i bimbi, il percorso vita: Nell&#8217;area attrezzata per il pic-nic potrete ammirare lo splendido panorama che spazia dai Colli Euganei alla parte meridionale della provincia vicentina. A disposizione degli ospiti vi &hellip; <a href=\"https:\/\/www.lemandolare.it\/?page_id=81\">Continua a leggere<span class=\"meta-nav\">&rarr;<\/span><\/a><\/p>\n","protected":false},"author":1,"featured_media":0,"parent":0,"menu_order":5,"comment_status":"closed","ping_status":"closed","template":"","meta":{"footnotes":""},"class_list":["post-81","page","type-page","status-publish","hentry"],"_links":{"self":[{"href":"https:\/\/www.lemandolare.it\/index.php?rest_route=\/wp\/v2\/pages\/81","targetHints":{"allow":["GET"]}}],"collection":[{"href":"https:\/\/www.lemandolare.it\/index.php?rest_route=\/wp\/v2\/pages"}],"about":[{"href":"https:\/\/www.lemandolare.it\/index.php?rest_route=\/wp\/v2\/types\/page"}],"author":[{"embeddable":true,"href":"https:\/\/www.lemandolare.it\/index.php?rest_route=\/wp\/v2\/users\/1"}],"replies":[{"embeddable":true,"href":"https:\/\/www.lemandolare.it\/index.php?rest_route=%2Fwp%2Fv2%2Fcomments&post=81"}],"version-history":[{"count":241,"href":"https:\/\/www.lemandolare.it\/index.php?rest_route=\/wp\/v2\/pages\/81\/revisions"}],"predecessor-version":[{"id":2182,"href":"https:\/\/www.lemandolare.it\/index.php?rest_route=\/wp\/v2\/pages\/81\/revisions\/2182"}],"wp:attachment":[{"href":"https:\/\/www.lemandolare.it\/index.php?rest_route=%2Fwp%2Fv2%2Fmedia&parent=81"}],"curies":[{"name":"wp","href":"https:\/\/api.w.org\/{rel}","templated":true}]}}