{"id":81,"date":"2010-08-01T17:35:50","date_gmt":"2010-08-01T15:35:50","guid":{"rendered":"http:\/\/127.0.0.1\/mandolare-wp\/?page_id=81"},"modified":"2021-08-21T09:49:36","modified_gmt":"2021-08-21T07:49:36","slug":"il-vostro-tempo-libero","status":"publish","type":"page","link":"https:\/\/www.lemandolare.it\/?page_id=81&amp;lang=fr","title":{"rendered":"Attivit\u00e0 e itinerari"},"content":{"rendered":"<h3><strong>La salle de lecture, une aire de pique-nique, un zone de jeux pour les enfants, le sentier: <\/strong><\/h3>\n<table style=\"width: 650px; border: 0px none;\">\n<tbody>\n<tr>\n<td style=\"padding-left: 20px; padding-right: 30px; border: 0px;\"><span class=\"ptext\"> <\/span><strong> <\/strong><strong> <\/strong><\/p>\n<p><strong> <\/strong><\/p>\n<p><strong> <\/strong><\/p>\n<p><strong> <\/strong><\/p>\n<p><strong> <\/strong><\/p>\n<p><strong> <\/strong><\/p>\n<p><strong> <\/strong><\/p>\n<p><strong> <\/strong><\/p>\n<p><strong> <\/strong><\/p>\n<p><strong> <\/strong><\/p>\n<p><strong> <\/strong><\/p>\n<p><strong> <\/strong><\/p>\n<p><strong> <\/strong><\/p>\n<p><strong> <\/strong><\/p>\n<p><strong> <\/strong><\/p>\n<p><strong> <\/strong><\/p>\n<p><strong> <\/strong><\/p>\n<p><strong> <\/strong><\/p>\n<p><strong> <\/strong><\/p>\n<p><strong> <\/strong><\/p>\n<p><strong> <\/strong><\/p>\n<p><strong> <\/strong><\/p>\n<p><strong> <\/strong><\/p>\n<p><strong> <\/strong><\/p>\n<p><strong> <\/strong><\/p>\n<p><strong> <\/strong><\/p>\n<p><strong> <\/strong><\/p>\n<p><strong> <\/strong><\/p>\n<p><strong> <\/strong><\/p>\n<p><strong> <\/strong><\/p>\n<p><strong> <\/strong><\/p>\n<p><strong> <\/strong><\/p>\n<p><strong> <\/strong><\/p>\n<p><strong> <\/strong><\/p>\n<p><strong> <\/strong><\/p>\n<p><strong> <\/strong><\/p>\n<p><strong> <\/strong><\/p>\n<p><strong> <\/strong><\/p>\n<p><strong> <\/strong><\/p>\n<p><strong> <\/strong><\/p>\n<p><strong> <\/strong><\/p>\n<p><strong> <\/strong><\/p>\n<p><strong> <\/strong><\/p>\n<p><strong> <\/strong><\/p>\n<p><strong> <\/strong><\/p>\n<p><strong> <\/strong><\/p>\n<p><strong> <\/strong><\/p>\n<p><strong> <\/strong><\/p>\n<p><strong> <\/strong><\/p>\n<p><strong> <\/strong><\/p>\n<p><strong> <\/strong><\/p>\n<p><strong> <\/strong><\/p>\n<p><strong> <\/strong><\/p>\n<p><strong> <\/strong><\/p>\n<p><strong> <\/strong><\/p>\n<p><strong><\/strong><\/p>\n<p><strong><\/strong><\/p>\n<p><strong><\/strong><\/p>\n<p><strong><\/strong><\/p>\n<p><strong><\/strong><\/p>\n<p><strong><\/strong><\/p>\n<p><strong><\/strong><\/p>\n<p><strong><\/strong><\/p>\n<p><strong><\/strong><\/p>\n<p><strong><\/strong><\/p>\n<p><strong><\/strong><\/p>\n<p><strong><\/p>\n<ul style=\"text-align: justify;\">En \u00e9tant dans le zone \u00e9quip\u00e9 pour les picnics, on peut admirer le magnifique panorama qui s\u2019\u00e9tend vers les Collines &#8220;Euganei&#8221; au sud de la province de Vicenza.<\/ul>\n<p><strong><strong> <\/strong><\/strong><\/p>\n<p><\/strong><strong><\/strong><strong><\/strong><strong><\/strong><strong><\/strong><strong><\/strong><strong><\/strong><strong><\/strong><strong><\/strong><strong><\/strong><strong><\/strong><strong><\/strong><strong> <\/strong><strong> <\/strong><strong> <a href=\"https:\/\/www.lemandolare.it\/wp-content\/uploads\/2010\/08\/terrazza.jpg\"><img loading=\"lazy\" decoding=\"async\" title=\"terrazza\" src=\"https:\/\/www.lemandolare.it\/wp-content\/uploads\/2010\/08\/terrazza-150x150.jpg\" alt=\"\" width=\"150\" height=\"150\"><\/a> <a href=\"https:\/\/www.lemandolare.it\/wp-content\/uploads\/2010\/08\/panorama-mandolare.jpg\"><img loading=\"lazy\" decoding=\"async\" title=\"panorama mandolare\" src=\"https:\/\/www.lemandolare.it\/wp-content\/uploads\/2010\/08\/panorama-mandolare-150x150.jpg\" alt=\"\" width=\"150\" height=\"150\"><\/a> <a href=\"https:\/\/www.lemandolare.it\/wp-content\/uploads\/2012\/10\/piscina-panorama-le-mandolare-villaga.jpg\"><img loading=\"lazy\" decoding=\"async\" title=\"piscina panorama le mandolare villaga\" src=\"https:\/\/www.lemandolare.it\/wp-content\/uploads\/2012\/10\/piscina-panorama-le-mandolare-villaga-150x150.jpg\" alt=\"\" width=\"150\" height=\"150\"><\/a><\/strong><strong> <\/strong><\/p>\n<p><strong> <\/strong><strong> <\/strong><strong> <\/strong><strong> <\/strong><span class=\"ptext\"><strong> <\/strong><strong> <\/strong><\/span><\/td>\n<\/tr>\n<\/tbody>\n<\/table>\n<table style=\"width: 650px; border: 0px none;\">\n<tbody>\n<tr>\n<td style=\"padding-left: 20px; padding-right: 30px; border: 0px;\"><span class=\"ptext\"> <strong> <\/strong><\/span><\/p>\n<ul>\n<li><strong>Les enfants peuvent jouer \u00e0 c\u00f4t\u00e9 de la piscine, dans un petit zone \u00e9quip\u00e9. <\/strong><strong> <\/strong><\/li>\n<\/ul>\n<p><strong> <\/strong><\/p>\n<p><strong> <\/strong><\/p>\n<p><strong> <\/strong><\/p>\n<p><strong> <\/strong><\/p>\n<p><strong> <\/strong><\/p>\n<p><strong> <\/strong><\/p>\n<p><strong> <\/strong><\/p>\n<p><strong> <\/strong><\/p>\n<p><strong> <\/strong><\/p>\n<p><strong> <\/strong><\/p>\n<p><strong> <\/strong><\/p>\n<p><strong> <\/strong><\/p>\n<p><strong> <\/strong><\/p>\n<p><strong> <\/strong><\/p>\n<p><strong> <\/strong><\/p>\n<p><strong> <\/strong><\/p>\n<p><strong> <\/strong><\/p>\n<p><strong> <\/strong><\/p>\n<p><strong> <\/strong><\/p>\n<p><strong> <\/strong><\/p>\n<p><strong> <\/strong><\/p>\n<p><strong> <\/strong><\/p>\n<p><strong> <\/strong><\/p>\n<p><strong> <\/strong><\/p>\n<p><strong> <a href=\"https:\/\/www.lemandolare.it\/wp-content\/uploads\/2010\/08\/area-giochi.jpg\"><img loading=\"lazy\" decoding=\"async\" title=\"area giochi\" src=\"https:\/\/www.lemandolare.it\/wp-content\/uploads\/2010\/08\/area-giochi-150x150.jpg\" alt=\"\" width=\"150\" height=\"150\"><\/a> <a href=\"https:\/\/www.lemandolare.it\/wp-content\/uploads\/2010\/08\/area-giochi-2.jpg\"><img loading=\"lazy\" decoding=\"async\" title=\"area giochi \" src=\"https:\/\/www.lemandolare.it\/wp-content\/uploads\/2010\/08\/area-giochi-2-150x150.jpg\" alt=\"\" width=\"150\" height=\"150\"><\/a> <a href=\"https:\/\/www.lemandolare.it\/wp-content\/uploads\/2010\/08\/panorama31.jpg\"><img loading=\"lazy\" decoding=\"async\" title=\"panorama3\" src=\"https:\/\/www.lemandolare.it\/wp-content\/uploads\/2010\/08\/panorama31-150x150.jpg\" alt=\"\" width=\"150\" height=\"150\"><\/a><\/strong><\/p>\n<p><strong><\/strong><\/p>\n<p><strong><\/strong><\/p>\n<p><strong><\/strong><\/p>\n<p><strong><\/strong><\/p>\n<p><strong><\/strong><\/p>\n<p><strong><\/strong><\/p>\n<p><strong><\/strong><\/p>\n<p><strong><\/strong><\/p>\n<p><strong><\/strong><\/p>\n<p><strong><\/strong><\/p>\n<p><strong><\/strong><\/p>\n<p><strong><\/p>\n<ul>\n<li style=\"text-align: left;\">A disposition des h\u00f4tes il y a aussi un four \u00e0 bois et un barbecue.<\/li>\n<\/ul>\n<p><a href=\"https:\/\/www.lemandolare.it\/wp-content\/uploads\/2010\/08\/forno2.jpg\"><img loading=\"lazy\" decoding=\"async\" class=\"alignnone size-thumbnail wp-image-468\" title=\"forno2\" src=\"https:\/\/www.lemandolare.it\/wp-content\/uploads\/2010\/08\/forno2-150x150.jpg\" alt=\"\" width=\"150\" height=\"150\"><\/a> <a href=\"https:\/\/www.lemandolare.it\/wp-content\/uploads\/2010\/08\/forno-a-legna.jpg\"><img loading=\"lazy\" decoding=\"async\" class=\"alignnone size-thumbnail wp-image-1649\" title=\"forno a legna\" src=\"https:\/\/www.lemandolare.it\/wp-content\/uploads\/2010\/08\/forno-a-legna-150x150.jpg\" alt=\"\" width=\"150\" height=\"150\"><\/a> <a href=\"https:\/\/www.lemandolare.it\/wp-content\/uploads\/2010\/08\/grigliata.jpg\"><img loading=\"lazy\" decoding=\"async\" class=\"alignnone size-thumbnail wp-image-459\" title=\"grigliata\" src=\"https:\/\/www.lemandolare.it\/wp-content\/uploads\/2010\/08\/grigliata-150x138.jpg\" alt=\"\" width=\"150\" height=\"138\"><\/a><\/p>\n<ul>\n<li style=\"text-align: left;\">Entre les oliviers, on a dediqu\u00e9 un zone \u00e9quip\u00e9 pour la gymnastique: \u00e7a fait part d&#8217;un <strong>\u00ab<\/strong>parcours de vie<strong>\u00bb<\/strong><strong> <\/strong>.<\/li>\n<\/ul>\n<p><a href=\"https:\/\/www.lemandolare.it\/wp-content\/uploads\/2010\/07\/IMG_1021_2.jpg\"><img loading=\"lazy\" decoding=\"async\" title=\"IMG_1021_2\" src=\"https:\/\/www.lemandolare.it\/wp-content\/uploads\/2010\/07\/IMG_1021_2-150x150.jpg\" alt=\"\" width=\"150\" height=\"150\"><\/a> <a href=\"https:\/\/www.lemandolare.it\/wp-content\/uploads\/2012\/08\/percorso-vita.jpg\"><img loading=\"lazy\" decoding=\"async\" title=\"percorso vita\" src=\"https:\/\/www.lemandolare.it\/wp-content\/uploads\/2012\/08\/percorso-vita-150x150.jpg\" alt=\"\" width=\"150\" height=\"150\"><\/a> <a href=\"https:\/\/www.lemandolare.it\/wp-content\/uploads\/2010\/07\/Azienda-Agricola-Agriturismo-Le-Mandolare-percorso-vita-2.jpg\"><img loading=\"lazy\" decoding=\"async\" title=\"Azienda Agricola -Agriturismo Le Mandolare -percorso vita 2\" src=\"https:\/\/www.lemandolare.it\/wp-content\/uploads\/2010\/07\/Azienda-Agricola-Agriturismo-Le-Mandolare-percorso-vita-2-150x150.jpg\" alt=\"\" width=\"150\" height=\"150\"><\/a><\/p>\n<p><\/strong><strong><\/strong><strong><\/strong><strong><\/strong><strong><\/strong><strong><\/strong><strong><\/strong><strong><\/strong><strong><\/strong><strong><\/strong><strong><\/strong><strong><\/strong><strong> <\/strong><strong> <\/strong><strong> <\/strong><strong> <\/strong><strong> <\/strong><strong> <\/strong><strong> <\/strong><strong> <\/strong><strong> <\/strong><strong> <\/strong><strong> <\/strong><strong> <\/strong><strong> <\/strong><strong> <\/strong><strong> <\/strong><strong> <\/strong><strong> <\/strong><strong> <\/strong><strong> <\/strong><strong> <\/strong><strong> <\/strong><strong> <\/strong><strong> <\/strong><strong> <\/strong><strong> <\/strong><strong> <\/strong><strong> <\/strong><strong> <\/strong><strong> <\/strong><\/td>\n<\/tr>\n<\/tbody>\n<\/table>\n<table style=\"width: 650px; border: 0px none;\">\n<tbody>\n<tr>\n<td style=\"padding-left: 20px; padding-right: 30px; border: 0px;\"><span class=\"ptext\"> <strong> <\/strong><\/span> <strong> <\/strong> <strong> <\/strong> <strong> <\/strong><\/p>\n<p><strong> <\/strong><\/p>\n<p><strong> <\/strong><\/p>\n<p><strong> <\/strong><\/p>\n<p><strong> <\/strong><\/p>\n<p><strong> <\/strong><\/p>\n<p><strong> <\/strong><\/p>\n<p><strong> <\/strong><\/p>\n<p><strong> <\/strong><\/p>\n<p><strong> <\/strong><\/p>\n<p><strong> <\/strong><\/p>\n<p><strong> <\/strong><\/p>\n<p><strong> <\/strong><\/p>\n<p><strong> <\/strong><\/p>\n<p><strong> <\/strong><\/p>\n<p><strong> <\/strong><\/p>\n<p><strong> <\/strong><\/p>\n<p><strong> <\/strong><\/p>\n<p><strong> <\/strong><\/p>\n<p><strong> <\/strong><\/p>\n<p><strong> <\/strong><\/p>\n<p><strong> <\/strong><\/p>\n<p><strong> <\/strong><\/p>\n<p><strong> <\/strong><\/p>\n<p><strong> <\/strong><\/p>\n<p><strong> <\/strong><\/p>\n<p><strong> <\/strong><\/p>\n<p><strong> <\/strong><\/p>\n<p><strong> <\/strong><\/p>\n<p><strong> <\/strong><\/p>\n<p><strong> <\/strong><\/p>\n<p><strong> <\/strong><\/p>\n<p><strong> <\/strong><\/p>\n<p><strong> <\/strong><\/p>\n<p><strong> <\/strong><\/p>\n<p><strong> <\/strong><\/p>\n<p><strong> <\/strong><\/p>\n<p><strong> <\/strong><\/p>\n<p><strong> <\/strong><\/p>\n<p><strong> <\/strong><\/p>\n<p><strong> <\/strong><\/p>\n<p><strong> <\/strong><\/p>\n<p><strong> <\/strong><\/p>\n<p><strong> <\/strong><\/p>\n<p><strong> <\/strong><\/p>\n<p><strong> <\/strong><\/p>\n<p><strong> <\/strong><\/p>\n<p><strong> <\/strong><\/p>\n<p><strong> <\/strong><\/p>\n<p><strong> <\/strong><\/p>\n<p><strong> <\/strong><\/p>\n<p><strong> <\/strong><\/p>\n<p><strong> <\/strong><\/p>\n<p><strong> <\/strong><\/p>\n<p><strong> <\/strong><\/p>\n<p><strong><\/strong><\/p>\n<p><strong><\/strong><\/p>\n<p><strong><\/strong><\/p>\n<p><strong><\/strong><\/p>\n<p><strong><\/strong><\/p>\n<p><strong><\/strong><\/p>\n<p><strong><\/strong><\/p>\n<p><strong><\/strong><\/p>\n<p><strong><\/strong><\/p>\n<p><strong><\/strong><\/p>\n<p><strong><\/strong><\/p>\n<p><strong><\/p>\n<ul>\n<li style=\"text-align: justify;\"> Dans la salle de lecture vous aurez \u00e0 votre disposition les jeux de soci\u00e9t\u00e9 et du mat\u00e9riel d\u2019information sur la r\u00e9gion environnante.<\/li>\n<\/ul>\n<p><\/strong><strong><\/strong><strong><\/strong><strong><\/strong><strong><\/strong><strong><\/strong><strong><\/strong><strong><\/strong><strong><\/strong><strong><\/strong><strong><\/strong><strong><\/strong><\/td>\n<\/tr>\n<\/tbody>\n<\/table>\n<p style=\"text-align: center;\"><a href=\"https:\/\/www.lemandolare.it\/wp-content\/uploads\/2010\/08\/lounge-e-vetrina-prodotti.jpg\"><img loading=\"lazy\" decoding=\"async\" title=\"lounge e vetrina prodotti\" src=\"https:\/\/www.lemandolare.it\/wp-content\/uploads\/2010\/08\/lounge-e-vetrina-prodotti-150x150.jpg\" alt=\"\" width=\"150\" height=\"150\"><\/a> <a href=\"https:\/\/www.lemandolare.it\/wp-content\/uploads\/2010\/08\/ingresso-alloggi-e-lounge-2.jpg\"><img loading=\"lazy\" decoding=\"async\" title=\"ingresso alloggi e lounge 2\" src=\"https:\/\/www.lemandolare.it\/wp-content\/uploads\/2010\/08\/ingresso-alloggi-e-lounge-2-150x150.jpg\" alt=\"\" width=\"150\" height=\"150\"><\/a> <a href=\"https:\/\/www.lemandolare.it\/wp-content\/uploads\/2010\/08\/foto-3.jpg\"><img loading=\"lazy\" decoding=\"async\" title=\"lounge\" src=\"https:\/\/www.lemandolare.it\/wp-content\/uploads\/2010\/08\/foto-3-150x150.jpg\" alt=\"\" width=\"150\" height=\"150\"><\/a> <a href=\"https:\/\/www.lemandolare.it\/wp-content\/uploads\/2010\/08\/ingresso-alloggi-e-lounge3.jpg\"><img loading=\"lazy\" decoding=\"async\" title=\"ingresso alloggi e lounge3\" src=\"https:\/\/www.lemandolare.it\/wp-content\/uploads\/2010\/08\/ingresso-alloggi-e-lounge3-150x150.jpg\" alt=\"\" width=\"150\" height=\"150\"><\/a><\/p>\n<p><strong>Itin\u00e9raires culturels<\/strong><\/p>\n<p>Pour ceux qui aiment visites culturelles, vous pouvez visiter les villas palladiennes proches et les villas v\u00e9nitiennes de nombreux d&#8217;int\u00e9r\u00eat historique et artistique, tels que nous nous souvenons de la Villa Pisani, connu sous le nom &#8220;La Rocca Pisana&#8221; \u00e0 Lonigo, Villa Pisani Bonetti \u00e0 Bagnolo di Lonigo, Villa Piovene Fracanzan \u00e0 Orgiano, Villa Pigafetta Camerini Arnaldi \u00e0 Mossano, Villa Saraceno \u00e0 Agugliaro, Villa Manin Cantarella \u00e0 Noventa Vicentina.<\/p>\n<p><a href=\"https:\/\/www.lemandolare.it\/wp-content\/uploads\/2010\/08\/Piazza-dei-Signori-Vicenza.jpg\"><img loading=\"lazy\" decoding=\"async\" title=\"Piazza-dei-Signori-Vicenza\" src=\"https:\/\/www.lemandolare.it\/wp-content\/uploads\/2010\/08\/Piazza-dei-Signori-Vicenza-150x150.jpg\" alt=\"\" width=\"150\" height=\"150\"><\/a> <a href=\"https:\/\/www.lemandolare.it\/wp-content\/uploads\/2012\/09\/Villa_Almerico_Capra_La_Rotonda-105.jpg\"><img loading=\"lazy\" decoding=\"async\" title=\"Villa_Almerico_Capra_La_Rotonda-105\" src=\"https:\/\/www.lemandolare.it\/wp-content\/uploads\/2012\/09\/Villa_Almerico_Capra_La_Rotonda-105-150x150.jpg\" alt=\"\" width=\"150\" height=\"150\"><\/a> <a href=\"https:\/\/www.lemandolare.it\/wp-content\/uploads\/2012\/09\/350px-Prato_7_canale.jpg\"><img loading=\"lazy\" decoding=\"async\" title=\"350px-Prato_7_canale\" src=\"https:\/\/www.lemandolare.it\/wp-content\/uploads\/2012\/09\/350px-Prato_7_canale-150x150.jpg\" alt=\"\" width=\"150\" height=\"150\"><\/a> <a href=\"https:\/\/www.lemandolare.it\/wp-content\/uploads\/2012\/09\/piazza-san-marco.jpeg\"><img loading=\"lazy\" decoding=\"async\" title=\"piazza san marco\" src=\"https:\/\/www.lemandolare.it\/wp-content\/uploads\/2012\/09\/piazza-san-marco-150x150.jpg\" alt=\"\" width=\"150\" height=\"150\"><\/a><\/p>\n<p>La soci\u00e9t\u00e9 est situ\u00e9 \u00e0 un point strat\u00e9gique dans la r\u00e9gion de la V\u00e9n\u00e9tie, car il a la capacit\u00e9 d&#8217;acc\u00e9der rapidement \u00e0 certaines des plus belles villes du monde, parmi lesquelles:<\/p>\n<p>V\u00e9rone, la ville de Rom\u00e9o et Juliette, Arena, Castelvecchio et San Zeno;<\/p>\n<p>Vicenza, appel\u00e9 par excellence de la ville de Palladio, qui abrite des tr\u00e9sors tels que Villa Capra Valmarana de &#8220;La Rotonda&#8221; et Valmarana &#8220;Ai Nani&#8221;, la belle ville de Bassano del Grappa, la zone du plateau d&#8217;Asiago et les 7 municipalit\u00e9s, les Collines Berici;<\/p>\n<p>Padoue, l&#8217;Universit\u00e9 de la ville, la basilique de Saint-Antoine, les fresques de Giotto \u00e0 la Scrovegni, Prato della Valle, les thermes d&#8217;Abano et les villas de la Riviera del Brenta, les Collines Eugan\u00e9ennes et Monselice, Montagnana, Este et Monselice;<\/p>\n<p>Venise, c\u00e9l\u00e8bre pour sa basilique, dans le complexe de la Piazza San Marco et le Palais des Doges, mais aussi du Palazzo Grassi et de la Peggy Guggenheim Collection, Carnaval et R\u00e9gate Historique du th\u00e9\u00e2tre de la Fenice et le Festival du Film de Venise et sa lagune ses \u00eeles, les plages de Jesolo Lido et sur la proximit\u00e9.<\/p>\n<p>Mais aussi le d\u00e9licieux Asolo, la ville de Tr\u00e9vise et Belluno, petits joyaux de l&#8217;architecture, le Delta del Po &#8220;avec son parc naturel spectaculaire et les Dolomites de Cadore, a r\u00e9cemment d\u00e9clar\u00e9 site du patrimoine mondial, et enfin la belle Cortina.<\/p>\n<table style=\"width: 650px; border: 0px;\">\n<tbody>\n<tr>\n<td style=\"padding-left: 20px; padding-right: 30px; border: 0px;\"><span class=\"ptext\"> <\/span><\/td>\n<td style=\"vertical-align: top; border: 0px;\">\n<p style=\"text-align: right; margin: 0px; top: 0px; padding: 0px;\">\n<\/td>\n<\/tr>\n<\/tbody>\n<\/table>\n<\/td>\n<\/tr>\n<\/tbody>\n<\/table>\n","protected":false},"excerpt":{"rendered":"<p>La salle de lecture, une aire de pique-nique, un zone de jeux pour les enfants, le sentier: En \u00e9tant dans le zone \u00e9quip\u00e9 pour les picnics, on peut admirer le magnifique panorama qui s\u2019\u00e9tend vers les Collines &#8220;Euganei&#8221; au sud &hellip; <a href=\"https:\/\/www.lemandolare.it\/?page_id=81&amp;lang=fr\">Continuer la lecture <span class=\"meta-nav\">&rarr;<\/span><\/a><\/p>\n","protected":false},"author":1,"featured_media":0,"parent":0,"menu_order":5,"comment_status":"closed","ping_status":"closed","template":"","meta":{"footnotes":""},"class_list":["post-81","page","type-page","status-publish","hentry"],"_links":{"self":[{"href":"https:\/\/www.lemandolare.it\/index.php?rest_route=\/wp\/v2\/pages\/81","targetHints":{"allow":["GET"]}}],"collection":[{"href":"https:\/\/www.lemandolare.it\/index.php?rest_route=\/wp\/v2\/pages"}],"about":[{"href":"https:\/\/www.lemandolare.it\/index.php?rest_route=\/wp\/v2\/types\/page"}],"author":[{"embeddable":true,"href":"https:\/\/www.lemandolare.it\/index.php?rest_route=\/wp\/v2\/users\/1"}],"replies":[{"embeddable":true,"href":"https:\/\/www.lemandolare.it\/index.php?rest_route=%2Fwp%2Fv2%2Fcomments&post=81"}],"version-history":[{"count":241,"href":"https:\/\/www.lemandolare.it\/index.php?rest_route=\/wp\/v2\/pages\/81\/revisions"}],"predecessor-version":[{"id":2182,"href":"https:\/\/www.lemandolare.it\/index.php?rest_route=\/wp\/v2\/pages\/81\/revisions\/2182"}],"wp:attachment":[{"href":"https:\/\/www.lemandolare.it\/index.php?rest_route=%2Fwp%2Fv2%2Fmedia&parent=81"}],"curies":[{"name":"wp","href":"https:\/\/api.w.org\/{rel}","templated":true}]}}