{"id":60,"date":"2010-07-27T23:28:00","date_gmt":"2010-07-27T21:28:00","guid":{"rendered":"http:\/\/127.0.0.1\/mandolare-wp\/?page_id=60"},"modified":"2021-06-08T18:04:56","modified_gmt":"2021-06-08T16:04:56","slug":"alloggi","status":"publish","type":"page","link":"https:\/\/www.lemandolare.it\/?page_id=60&amp;lang=fr","title":{"rendered":"Alloggi"},"content":{"rendered":"<p><span style=\"font-size: 16px;\"><strong>Les r\u00e9servations sont possibles \u00e0 l\u2019azienda toute l\u2019ann\u00e9e: 3 chambres avec salle de bains, 2 petits appartements et un studio sont \u00e0 votre disposition (au total 19 lits) et vos amis \u00e0 4 pattes sont \u00e9galement les bienvenus.<\/strong><\/span><\/p>\n<p><strong>La soci\u00e9t\u00e9 offre \u00e0 ses clients un acc\u00e8s internet wifi gratuit.\u00a0Votre h\u00f4tesse parle le fran\u00e7ais. Pour toutes les informations et r\u00e9servations, n\u2019h\u00e9sitez pas \u00e0<a href=\"contatti.php\"> nous contacter<\/a>.<\/strong><\/p>\n<p><strong>Les Chambres<\/strong><\/p>\n<p>Nous avons \u00e0 disposition de nos h\u00f4tes 2 chambres double et une chambre \u00e0 4 lits. Toutes les chambres sont \u00e9quip\u00e9es de salle d\u2019eau, s\u00e8che cheveux, TV et air conditionn\u00e9.<\/p>\n<p><a href=\"https:\/\/www.lemandolare.it\/wp-content\/uploads\/2010\/07\/blu1fj.jpg\"><img loading=\"lazy\" decoding=\"async\" class=\"alignnone size-thumbnail wp-image-1626\" title=\"blu1fj\" src=\"https:\/\/www.lemandolare.it\/wp-content\/uploads\/2010\/07\/blu1fj-150x150.jpg\" alt=\"\" width=\"150\" height=\"150\" \/><\/a> <a href=\"https:\/\/www.lemandolare.it\/wp-content\/uploads\/2010\/07\/3_4-bed-room.jpg\"><img loading=\"lazy\" decoding=\"async\" class=\"alignnone size-thumbnail wp-image-1598\" title=\"3_4 bed room\" src=\"https:\/\/www.lemandolare.it\/wp-content\/uploads\/2010\/07\/3_4-bed-room-150x150.jpg\" alt=\"\" width=\"150\" height=\"150\" \/><\/a> <a href=\"https:\/\/www.lemandolare.it\/wp-content\/uploads\/2010\/07\/foto.jpg\"><img loading=\"lazy\" decoding=\"async\" class=\"alignnone size-thumbnail wp-image-1624\" title=\"Camera verde\" src=\"https:\/\/www.lemandolare.it\/wp-content\/uploads\/2010\/07\/foto-150x150.jpg\" alt=\"\" width=\"150\" height=\"150\" \/><\/a><\/p>\n<p>L\u2019ameublement a \u00e9t\u00e9 choisi de mani\u00e8re \u00e0 rendre les pi\u00e8ces confortables et \u00e0 conserver l\u2019aspect rustique qui va avec les lieux. Le petit d\u00e9jeuner est inclus.<\/p>\n<p><a href=\"https:\/\/www.lemandolare.it\/wp-content\/uploads\/2014\/03\/foto-23.jpg\"><img loading=\"lazy\" decoding=\"async\" class=\"alignnone size-thumbnail wp-image-1630\" title=\"interni \" src=\"https:\/\/www.lemandolare.it\/wp-content\/uploads\/2014\/03\/foto-23-150x150.jpg\" alt=\"\" width=\"150\" height=\"150\" \/><\/a> <a href=\"https:\/\/www.lemandolare.it\/wp-content\/uploads\/2014\/03\/camera.jpg\"><img loading=\"lazy\" decoding=\"async\" class=\"alignnone size-thumbnail wp-image-1629\" title=\"camera\" src=\"https:\/\/www.lemandolare.it\/wp-content\/uploads\/2014\/03\/camera-150x150.jpg\" alt=\"\" width=\"150\" height=\"150\" \/><\/a> <a href=\"https:\/\/www.lemandolare.it\/wp-content\/uploads\/2014\/03\/blu2.jpg\"><img loading=\"lazy\" decoding=\"async\" class=\"alignnone size-thumbnail wp-image-1628\" title=\"Camera blu\" src=\"https:\/\/www.lemandolare.it\/wp-content\/uploads\/2014\/03\/blu2-150x150.jpg\" alt=\"\" width=\"150\" height=\"150\" \/><\/a>&gt;<\/p>\n<p><strong>Les appartements<\/strong><\/p>\n<p>Les 2 appartements de surface identique comprennent une chambre \u00e0 2 lits, un s\u00e9jour avec coin cuisine et 2 autres lits repliables, une entr\u00e9e et une salle d\u2019eau. Les 2 appartements jouissent d\u2019une vue imprenable sur la plaine environnante. Les appartements et le studio disposent de la t\u00e9l\u00e9vision et de l\u2019air conditionn\u00e9.<\/p>\n<p><a href=\"https:\/\/www.lemandolare.it\/wp-content\/uploads\/2013\/01\/le-mandolare-apartment-bedroom.jpg\"><img loading=\"lazy\" decoding=\"async\" class=\"alignnone size-thumbnail wp-image-1367\" title=\"le mandolare apartment bedroom\" src=\"https:\/\/www.lemandolare.it\/wp-content\/uploads\/2013\/01\/le-mandolare-apartment-bedroom-150x150.jpg\" alt=\"\" width=\"150\" height=\"150\" \/><\/a> <a href=\"https:\/\/www.lemandolare.it\/wp-content\/uploads\/2013\/01\/le-mandolare-apartment.jpg\"><img loading=\"lazy\" decoding=\"async\" class=\"alignnone size-thumbnail wp-image-1370\" title=\"le mandolare apartment\" src=\"https:\/\/www.lemandolare.it\/wp-content\/uploads\/2013\/01\/le-mandolare-apartment-150x150.jpg\" alt=\"\" width=\"150\" height=\"150\" \/><\/a> <a href=\"https:\/\/www.lemandolare.it\/wp-content\/uploads\/2013\/01\/le-mandolare-apartment-balcony-view.jpg\"><img loading=\"lazy\" decoding=\"async\" class=\"alignnone size-thumbnail wp-image-1365\" title=\"le mandolare apartment balcony view\" src=\"https:\/\/www.lemandolare.it\/wp-content\/uploads\/2013\/01\/le-mandolare-apartment-balcony-view-150x150.jpg\" alt=\"\" width=\"150\" height=\"150\" \/><\/a> <a href=\"https:\/\/www.lemandolare.it\/wp-content\/uploads\/2012\/09\/appartamento_bathroom.jpg\"><img loading=\"lazy\" decoding=\"async\" class=\"alignnone size-thumbnail wp-image-557\" title=\"appartamento_pianta\" src=\"https:\/\/www.lemandolare.it\/wp-content\/uploads\/2012\/09\/appartamento_bathroom-150x150.jpg\" alt=\"\" width=\"150\" height=\"150\" \/><\/a><a href=\"https:\/\/www.lemandolare.it\/wp-content\/uploads\/2014\/03\/cucina.jpg\"><img loading=\"lazy\" decoding=\"async\" class=\"alignnone size-thumbnail wp-image-1634\" title=\"cucina\" src=\"https:\/\/www.lemandolare.it\/wp-content\/uploads\/2014\/03\/cucina-150x150.jpg\" alt=\"\" width=\"150\" height=\"150\" \/><\/a> <a href=\"https:\/\/www.lemandolare.it\/wp-content\/uploads\/2012\/09\/appartamento_cucina.jpg\"><img loading=\"lazy\" decoding=\"async\" class=\"alignnone size-thumbnail wp-image-593\" title=\"appartamento_cucina\" src=\"https:\/\/www.lemandolare.it\/wp-content\/uploads\/2012\/09\/appartamento_cucina-107x150.jpg\" alt=\"\" width=\"107\" height=\"150\" \/><\/a> <a href=\"https:\/\/www.lemandolare.it\/wp-content\/uploads\/2012\/09\/appartamento-le-mandolare.jpg\"><img loading=\"lazy\" decoding=\"async\" class=\"alignnone size-thumbnail wp-image-589\" title=\"appartamento le mandolare\" src=\"https:\/\/www.lemandolare.it\/wp-content\/uploads\/2012\/09\/appartamento-le-mandolare-150x150.jpg\" alt=\"\" width=\"150\" height=\"150\" \/><\/a><\/p>\n<p>Le studio est amenag\u00e8 avec coin cuisine, 1 lit deux personnes et 1 lit 1 personne repliable.<\/p>\n<p style=\"text-align: center;\"><a href=\"https:\/\/www.lemandolare.it\/wp-content\/uploads\/2010\/07\/stud1.jpg\"><img loading=\"lazy\" decoding=\"async\" title=\"stud1\" src=\"https:\/\/www.lemandolare.it\/wp-content\/uploads\/2010\/07\/stud1-150x150.jpg\" alt=\"\" width=\"150\" height=\"150\" \/><\/a> <a href=\"https:\/\/www.lemandolare.it\/wp-content\/uploads\/2012\/08\/stud2.jpg\"><img loading=\"lazy\" decoding=\"async\" title=\"stud2\" src=\"https:\/\/www.lemandolare.it\/wp-content\/uploads\/2012\/08\/stud2-150x150.jpg\" alt=\"\" width=\"150\" height=\"150\" \/><\/a> <a href=\"https:\/\/www.lemandolare.it\/wp-content\/uploads\/2010\/07\/fbxdb.jpg\"><img loading=\"lazy\" decoding=\"async\" title=\"Studio\" src=\"https:\/\/www.lemandolare.it\/wp-content\/uploads\/2010\/07\/fbxdb-150x150.jpg\" alt=\"\" width=\"150\" height=\"150\" \/><\/a><\/p>\n<p style=\"text-align: center;\">\n<h3 style=\"text-align: center;\">SERVICES SUPPLEMENTAIRES<\/h3>\n<ul>\n<li>petit-d\u00e9jeuner pour les clients des appartements: 7 \u20ac par personne et par jour<\/li>\n<li>Le s\u00e9jour des animaux dans des chambres ou des appartements: 5 \u20ac par jour ou en fonction de la p\u00e9riode<\/li>\n<li>blanchisserie 24 heures: \u20ac 2 par lavage (lessive comprise)<\/li>\n<\/ul>\n<table>\n<tbody>\n<tr>\n<td>Chambre ou Appartements<\/td>\n<td>Prix Minimum<\/td>\n<td>Prix Maximum<\/td>\n<\/tr>\n<tr>\n<td>Appartement (4 lits)<\/td>\n<td>80 euro<\/td>\n<td>90 euro<\/td>\n<\/tr>\n<tr>\n<td>Studio (3 lits)<\/td>\n<td>70 euro<\/td>\n<td>80 euro<\/td>\n<\/tr>\n<tr>\n<td>Chambre double \u00e0 usage singulair<\/td>\n<td>50 euro<\/td>\n<td>60euro<\/td>\n<\/tr>\n<tr>\n<td>Chambre Vert ou Bleu (2 lits)<\/td>\n<td>70 euro<\/td>\n<td>80euro<\/td>\n<\/tr>\n<tr>\n<td>Chambre Triple \/ Quadruple<\/td>\n<td>90 euro<\/td>\n<td>100 euro<\/td>\n<\/tr>\n<\/tbody>\n<\/table>\n<p style=\"text-align: center;\"><span style=\"text-decoration: underline;\"><strong> OFFRES DE BASSE ET MOYENNE SAISON POUR CHAMBRES ET APPARTEMENTS SONT PUBLIES DANS LA HOME<\/strong><\/span><\/p>\n<p><iframe loading=\"lazy\" style=\"border: 0;\" src=\"https:\/\/www.google.com\/maps\/embed?pb=!1m0!3m2!1sen!2sit!4v1463002759777!6m8!1m7!1s2sxjcX6pKLMAAAQINi5AnA!2m2!1d45.40029555897291!2d11.52465268833191!3f226.87!4f-0.6099999999999994!5f0.7820865974627469\" width=\"600\" height=\"450\" frameborder=\"0\" allowfullscreen=\"allowfullscreen\"><\/iframe><\/p>\n","protected":false},"excerpt":{"rendered":"<p>Les r\u00e9servations sont possibles \u00e0 l\u2019azienda toute l\u2019ann\u00e9e: 3 chambres avec salle de bains, 2 petits appartements et un studio sont \u00e0 votre disposition (au total 19 lits) et vos amis \u00e0 4 pattes sont \u00e9galement les bienvenus. La soci\u00e9t\u00e9 &hellip; <a href=\"https:\/\/www.lemandolare.it\/?page_id=60&amp;lang=fr\">Continuer la lecture <span class=\"meta-nav\">&rarr;<\/span><\/a><\/p>\n","protected":false},"author":1,"featured_media":0,"parent":0,"menu_order":4,"comment_status":"closed","ping_status":"closed","template":"","meta":{"footnotes":""},"class_list":["post-60","page","type-page","status-publish","hentry"],"_links":{"self":[{"href":"https:\/\/www.lemandolare.it\/index.php?rest_route=\/wp\/v2\/pages\/60","targetHints":{"allow":["GET"]}}],"collection":[{"href":"https:\/\/www.lemandolare.it\/index.php?rest_route=\/wp\/v2\/pages"}],"about":[{"href":"https:\/\/www.lemandolare.it\/index.php?rest_route=\/wp\/v2\/types\/page"}],"author":[{"embeddable":true,"href":"https:\/\/www.lemandolare.it\/index.php?rest_route=\/wp\/v2\/users\/1"}],"replies":[{"embeddable":true,"href":"https:\/\/www.lemandolare.it\/index.php?rest_route=%2Fwp%2Fv2%2Fcomments&post=60"}],"version-history":[{"count":202,"href":"https:\/\/www.lemandolare.it\/index.php?rest_route=\/wp\/v2\/pages\/60\/revisions"}],"predecessor-version":[{"id":2168,"href":"https:\/\/www.lemandolare.it\/index.php?rest_route=\/wp\/v2\/pages\/60\/revisions\/2168"}],"wp:attachment":[{"href":"https:\/\/www.lemandolare.it\/index.php?rest_route=%2Fwp%2Fv2%2Fmedia&parent=60"}],"curies":[{"name":"wp","href":"https:\/\/api.w.org\/{rel}","templated":true}]}}