{"id":2,"date":"2010-07-26T22:57:54","date_gmt":"2010-07-26T20:57:54","guid":{"rendered":"http:\/\/127.0.0.1\/mandolare-wp\/?page_id=2"},"modified":"2018-12-30T14:39:01","modified_gmt":"2018-12-30T12:39:01","slug":"benvenuti","status":"publish","type":"page","link":"https:\/\/www.lemandolare.it\/?page_id=2&amp;lang=fr","title":{"rendered":"Benvenuti!"},"content":{"rendered":"<\/p>\n<table class=\"c0\" style=\"width: 100%; background-image: url(images\/bg_content.jpg); height: 400px; padding-top: 0px; border: 0px; background-position: 50% 100%; background-repeat: no-repeat no-repeat;\">\n<tbody>\n<tr>\n<td style=\"border: 0px; padding-left: 20px; padding-right: 30px;\">\n<p style=\"text-align: justify;\"><span class=\"entry-content\">Allong\u00e9e sur les pentes verdoyantes de la colline, la Ferme \u00abLe Mandolare&#8221; est dans un bel endroit: de l\u00e0, vous pouvez profiter d&#8217;un panorama splendide sur la plaine: la marque digne d&#8217;un beau voyage au coeur de Berici.<\/span><\/p>\n<p style=\"text-align: justify;\">Vous entrez dans l&#8217;un des plus caract\u00e9ristiques zones de les Collines &#8220;Berici&#8221;, riant \u00e0 travers les pr\u00e9s et les bois: un paysage vraiment impressionnant \u00e0 chaque saison, pour trouver un contact profond avec la nature et pour trouver une d\u00e9tente plus vivante et florissante de notre terre.<\/p>\n<\/td>\n<\/tr>\n<\/tbody>\n<\/table>\n","protected":false},"excerpt":{"rendered":"<p>Allong\u00e9e sur les pentes verdoyantes de la colline, la Ferme \u00abLe Mandolare&#8221; est dans un bel endroit: de l\u00e0, vous pouvez profiter d&#8217;un panorama splendide sur la plaine: la marque digne d&#8217;un beau voyage au coeur de Berici. Vous entrez &hellip; <a href=\"https:\/\/www.lemandolare.it\/?page_id=2&amp;lang=fr\">Continuer la lecture <span class=\"meta-nav\">&rarr;<\/span><\/a><\/p>\n","protected":false},"author":1,"featured_media":0,"parent":0,"menu_order":0,"comment_status":"closed","ping_status":"closed","template":"","meta":{"footnotes":""},"class_list":["post-2","page","type-page","status-publish","hentry"],"_links":{"self":[{"href":"https:\/\/www.lemandolare.it\/index.php?rest_route=\/wp\/v2\/pages\/2","targetHints":{"allow":["GET"]}}],"collection":[{"href":"https:\/\/www.lemandolare.it\/index.php?rest_route=\/wp\/v2\/pages"}],"about":[{"href":"https:\/\/www.lemandolare.it\/index.php?rest_route=\/wp\/v2\/types\/page"}],"author":[{"embeddable":true,"href":"https:\/\/www.lemandolare.it\/index.php?rest_route=\/wp\/v2\/users\/1"}],"replies":[{"embeddable":true,"href":"https:\/\/www.lemandolare.it\/index.php?rest_route=%2Fwp%2Fv2%2Fcomments&post=2"}],"version-history":[{"count":87,"href":"https:\/\/www.lemandolare.it\/index.php?rest_route=\/wp\/v2\/pages\/2\/revisions"}],"predecessor-version":[{"id":10,"href":"https:\/\/www.lemandolare.it\/index.php?rest_route=\/wp\/v2\/pages\/2\/revisions\/10"}],"wp:attachment":[{"href":"https:\/\/www.lemandolare.it\/index.php?rest_route=%2Fwp%2Fv2%2Fmedia&parent=2"}],"curies":[{"name":"wp","href":"https:\/\/api.w.org\/{rel}","templated":true}]}}