{"id":112,"date":"2010-08-01T17:57:32","date_gmt":"2010-08-01T15:57:32","guid":{"rendered":"http:\/\/127.0.0.1\/mandolare-wp\/?page_id=112"},"modified":"2025-08-14T11:52:49","modified_gmt":"2025-08-14T09:52:49","slug":"contatti","status":"publish","type":"page","link":"https:\/\/www.lemandolare.it\/?page_id=112&amp;lang=fr","title":{"rendered":"Contatti"},"content":{"rendered":"<p style=\"text-align: center;\"><a href=\"https:\/\/www.lemandolare.it\/wp-content\/uploads\/2012\/10\/Logo-Le-Mandolare-quadrato-web.jpg\"><img loading=\"lazy\" decoding=\"async\" title=\"Logo Agriturismo Le Mandolare quadrato web\" src=\"https:\/\/www.lemandolare.it\/wp-content\/uploads\/2012\/10\/Logo-Le-Mandolare-quadrato-web-300x300.jpg\" alt=\"\" width=\"300\" height=\"300\" \/><\/a><\/p>\n<p style=\"text-align: center;\"><strong><span class=\"ptext\">Pour les demandes d&#8217;information ou de r\u00e9servation, n&#8217;h\u00e9sitez pas \u00e0 nous contacter \u00e0 l&#8217;adresse: <\/span><\/strong><a href=\"mailto:info@lemandolare.it\"><img decoding=\"async\" src=\"images\/email.png\" alt=\"\" align=\"middle\" border=\"0\" \/><\/a><\/p>\n<p style=\"text-align: center;\"><strong>info@lemandolare.it<\/strong><\/p>\n<p style=\"text-align: center;\">\n<p style=\"text-align: center;\"><strong>Ferme, Agrotourisme &#8220;Le Mandolare&#8221; de Pasqualotto Lidia<\/strong><\/p>\n<p style=\"text-align: center;\">\n<p style=\"text-align: center;\"><strong>Via Mandolare 6, 36021Villaga (VI)<\/strong><\/p>\n<p style=\"text-align: center;\"><strong>Tel.:0444.776072<\/strong><\/p>\n<p style=\"text-align: center;\"><strong> Fax.:0444.787453<\/strong><\/p>\n<p style=\"text-align: center;\"><strong> Cell.:348.3669215<\/strong><\/p>\n<p style=\"text-align: center;\"><a href=\"https:\/\/www.lemandolare.it\/wp-content\/uploads\/2010\/07\/Le-Mandolare-2013.jpg\"><img loading=\"lazy\" decoding=\"async\" title=\"Le Mandolare 2013\" src=\"https:\/\/www.lemandolare.it\/wp-content\/uploads\/2010\/07\/Le-Mandolare-2013-150x150.jpg\" alt=\"\" width=\"150\" height=\"150\" \/><\/a> <a href=\"https:\/\/www.lemandolare.it\/wp-content\/uploads\/2012\/10\/uliveto-villaga-ottobre-2012.jpg\"><img loading=\"lazy\" decoding=\"async\" title=\"uliveto villaga ottobre 2012\" src=\"https:\/\/www.lemandolare.it\/wp-content\/uploads\/2012\/10\/uliveto-villaga-ottobre-2012-150x150.jpg\" alt=\"\" width=\"150\" height=\"150\" \/><\/a> <a href=\"https:\/\/www.lemandolare.it\/wp-content\/uploads\/2012\/10\/veduta-le-mandolare-villaga-ottobre-2012.jpg\"><img loading=\"lazy\" decoding=\"async\" title=\"veduta le mandolare villaga ottobre 2012\" src=\"https:\/\/www.lemandolare.it\/wp-content\/uploads\/2012\/10\/veduta-le-mandolare-villaga-ottobre-2012-150x150.jpg\" alt=\"\" width=\"150\" height=\"150\" \/><\/a> <a href=\"https:\/\/www.lemandolare.it\/wp-content\/uploads\/2012\/10\/gatti-le-mandolare-ottobre-2012.jpg\"><img loading=\"lazy\" decoding=\"async\" title=\"gatti le mandolare ottobre 2012\" src=\"https:\/\/www.lemandolare.it\/wp-content\/uploads\/2012\/10\/gatti-le-mandolare-ottobre-2012-150x150.jpg\" alt=\"\" width=\"150\" height=\"150\" \/><\/a><\/p>\n<p style=\"text-align: center;\">\n<p style=\"text-align: center;\">\n<p style=\"text-align: center;\">\n<p style=\"text-align: center;\"><strong>Est-que vouz avez dejas pass\u00e9 un s\u00e9jour chez nous? Vous pouvez laisser un commentaire sur votre s\u00e9jour \u00e0 l&#8217;adresse:<\/strong><\/p>\n<p style=\"text-align: center;\"><strong><a href=\"http:\/\/www.agriturismi.it\/rating\/it\/agriturismo_le_mandolare\/\">http:\/\/www.agriturismi.it\/rating\/it\/agriturismo_le_mandolare\/<\/a><\/strong><\/p>\n<p style=\"text-align: center;\"><a style=\"font-weight: bold;\" href=\"http:\/\/www.trivago.it\/villaga-441416\/hotel\/le-mandolare-2424902\">http:\/\/www.trivago.it\/villaga-441416\/hotel\/le-mandolare-2424902<\/a><\/p>\n<p style=\"text-align: center;\">\n<p style=\"text-align: center;\"><a style=\"font-weight: bold;\" href=\"https:\/\/plus.google.com\/107300958338673387775\/about?hl=it\">https:\/\/plus.google.com\/107300958338673387775\/about?hl=it<\/a><\/p>\n<h4><strong>Une s\u00e9lection de les nombreux messages laiss\u00e9s sur notre livre d&#8217;h\u00f4te:<\/strong><\/h4>\n\n\t\t<style type=\"text\/css\">\n\t\t\t#gallery-1 {\n\t\t\t\tmargin: auto;\n\t\t\t}\n\t\t\t#gallery-1 .gallery-item {\n\t\t\t\tfloat: left;\n\t\t\t\tmargin-top: 10px;\n\t\t\t\ttext-align: center;\n\t\t\t\twidth: 33%;\n\t\t\t}\n\t\t\t#gallery-1 img {\n\t\t\t\tborder: 2px solid #cfcfcf;\n\t\t\t}\n\t\t\t#gallery-1 .gallery-caption {\n\t\t\t\tmargin-left: 0;\n\t\t\t}\n\t\t\t\/* see gallery_shortcode() in wp-includes\/media.php *\/\n\t\t<\/style>\n\t\t<div id='gallery-1' class='gallery galleryid-112 gallery-columns-3 gallery-size-thumbnail'><dl class='gallery-item'>\n\t\t\t<dt class='gallery-icon portrait'>\n\t\t\t\t<a href='https:\/\/www.lemandolare.it\/wp-content\/uploads\/2010\/08\/ospiti5.jpg'><img loading=\"lazy\" decoding=\"async\" width=\"150\" height=\"150\" src=\"https:\/\/www.lemandolare.it\/wp-content\/uploads\/2010\/08\/ospiti5-150x150.jpg\" class=\"attachment-thumbnail size-thumbnail\" alt=\"\" \/><\/a>\n\t\t\t<\/dt><\/dl><dl class='gallery-item'>\n\t\t\t<dt class='gallery-icon portrait'>\n\t\t\t\t<a href='https:\/\/www.lemandolare.it\/wp-content\/uploads\/2010\/08\/ospiti14.jpg'><img loading=\"lazy\" decoding=\"async\" width=\"150\" height=\"150\" src=\"https:\/\/www.lemandolare.it\/wp-content\/uploads\/2010\/08\/ospiti14-150x150.jpg\" class=\"attachment-thumbnail size-thumbnail\" alt=\"\" \/><\/a>\n\t\t\t<\/dt><\/dl><dl class='gallery-item'>\n\t\t\t<dt class='gallery-icon portrait'>\n\t\t\t\t<a href='https:\/\/www.lemandolare.it\/wp-content\/uploads\/2010\/08\/ospiti7.jpg'><img loading=\"lazy\" decoding=\"async\" width=\"150\" height=\"150\" src=\"https:\/\/www.lemandolare.it\/wp-content\/uploads\/2010\/08\/ospiti7-150x150.jpg\" class=\"attachment-thumbnail size-thumbnail\" alt=\"\" \/><\/a>\n\t\t\t<\/dt><\/dl><br style=\"clear: both\" \/><dl class='gallery-item'>\n\t\t\t<dt class='gallery-icon portrait'>\n\t\t\t\t<a href='https:\/\/www.lemandolare.it\/wp-content\/uploads\/2010\/08\/ospiti9.jpg'><img loading=\"lazy\" decoding=\"async\" width=\"150\" height=\"150\" src=\"https:\/\/www.lemandolare.it\/wp-content\/uploads\/2010\/08\/ospiti9-150x150.jpg\" class=\"attachment-thumbnail size-thumbnail\" alt=\"\" \/><\/a>\n\t\t\t<\/dt><\/dl><dl class='gallery-item'>\n\t\t\t<dt class='gallery-icon portrait'>\n\t\t\t\t<a href='https:\/\/www.lemandolare.it\/wp-content\/uploads\/2010\/08\/ospiti10.jpg'><img loading=\"lazy\" decoding=\"async\" width=\"150\" height=\"150\" src=\"https:\/\/www.lemandolare.it\/wp-content\/uploads\/2010\/08\/ospiti10-150x150.jpg\" class=\"attachment-thumbnail size-thumbnail\" alt=\"\" \/><\/a>\n\t\t\t<\/dt><\/dl><dl class='gallery-item'>\n\t\t\t<dt class='gallery-icon portrait'>\n\t\t\t\t<a href='https:\/\/www.lemandolare.it\/wp-content\/uploads\/2010\/08\/ospiti-2.jpg'><img loading=\"lazy\" decoding=\"async\" width=\"150\" height=\"150\" src=\"https:\/\/www.lemandolare.it\/wp-content\/uploads\/2010\/08\/ospiti-2-150x150.jpg\" class=\"attachment-thumbnail size-thumbnail\" alt=\"\" \/><\/a>\n\t\t\t<\/dt><\/dl><br style=\"clear: both\" \/><dl class='gallery-item'>\n\t\t\t<dt class='gallery-icon portrait'>\n\t\t\t\t<a href='https:\/\/www.lemandolare.it\/wp-content\/uploads\/2010\/08\/ospiti4.jpg'><img loading=\"lazy\" decoding=\"async\" width=\"150\" height=\"150\" src=\"https:\/\/www.lemandolare.it\/wp-content\/uploads\/2010\/08\/ospiti4-150x150.jpg\" class=\"attachment-thumbnail size-thumbnail\" alt=\"\" \/><\/a>\n\t\t\t<\/dt><\/dl><dl class='gallery-item'>\n\t\t\t<dt class='gallery-icon portrait'>\n\t\t\t\t<a href='https:\/\/www.lemandolare.it\/wp-content\/uploads\/2010\/08\/ospiti15.jpg'><img loading=\"lazy\" decoding=\"async\" width=\"150\" height=\"150\" src=\"https:\/\/www.lemandolare.it\/wp-content\/uploads\/2010\/08\/ospiti15-150x150.jpg\" class=\"attachment-thumbnail size-thumbnail\" alt=\"\" \/><\/a>\n\t\t\t<\/dt><\/dl><dl class='gallery-item'>\n\t\t\t<dt class='gallery-icon portrait'>\n\t\t\t\t<a href='https:\/\/www.lemandolare.it\/wp-content\/uploads\/2010\/08\/ospiti3.jpg'><img loading=\"lazy\" decoding=\"async\" width=\"150\" height=\"150\" src=\"https:\/\/www.lemandolare.it\/wp-content\/uploads\/2010\/08\/ospiti3-150x150.jpg\" class=\"attachment-thumbnail size-thumbnail\" alt=\"\" \/><\/a>\n\t\t\t<\/dt><\/dl><br style=\"clear: both\" \/><dl class='gallery-item'>\n\t\t\t<dt class='gallery-icon portrait'>\n\t\t\t\t<a href='https:\/\/www.lemandolare.it\/wp-content\/uploads\/2010\/08\/ospiti17.jpg'><img loading=\"lazy\" decoding=\"async\" width=\"150\" height=\"150\" src=\"https:\/\/www.lemandolare.it\/wp-content\/uploads\/2010\/08\/ospiti17-150x150.jpg\" class=\"attachment-thumbnail size-thumbnail\" alt=\"\" \/><\/a>\n\t\t\t<\/dt><\/dl><dl class='gallery-item'>\n\t\t\t<dt class='gallery-icon portrait'>\n\t\t\t\t<a href='https:\/\/www.lemandolare.it\/wp-content\/uploads\/2010\/08\/ospiti11.jpg'><img loading=\"lazy\" decoding=\"async\" width=\"150\" height=\"150\" src=\"https:\/\/www.lemandolare.it\/wp-content\/uploads\/2010\/08\/ospiti11-150x150.jpg\" class=\"attachment-thumbnail size-thumbnail\" alt=\"\" \/><\/a>\n\t\t\t<\/dt><\/dl><dl class='gallery-item'>\n\t\t\t<dt class='gallery-icon portrait'>\n\t\t\t\t<a href='https:\/\/www.lemandolare.it\/wp-content\/uploads\/2010\/08\/ospiti8.jpg'><img loading=\"lazy\" decoding=\"async\" width=\"150\" height=\"150\" src=\"https:\/\/www.lemandolare.it\/wp-content\/uploads\/2010\/08\/ospiti8-150x150.jpg\" class=\"attachment-thumbnail size-thumbnail\" alt=\"\" \/><\/a>\n\t\t\t<\/dt><\/dl><br style=\"clear: both\" \/><dl class='gallery-item'>\n\t\t\t<dt class='gallery-icon portrait'>\n\t\t\t\t<a href='https:\/\/www.lemandolare.it\/wp-content\/uploads\/2010\/08\/ospiti16.jpg'><img loading=\"lazy\" decoding=\"async\" width=\"150\" height=\"150\" src=\"https:\/\/www.lemandolare.it\/wp-content\/uploads\/2010\/08\/ospiti16-150x150.jpg\" class=\"attachment-thumbnail size-thumbnail\" alt=\"\" \/><\/a>\n\t\t\t<\/dt><\/dl><dl class='gallery-item'>\n\t\t\t<dt class='gallery-icon portrait'>\n\t\t\t\t<a href='https:\/\/www.lemandolare.it\/wp-content\/uploads\/2010\/08\/ospiti18.jpg'><img loading=\"lazy\" decoding=\"async\" width=\"150\" height=\"150\" src=\"https:\/\/www.lemandolare.it\/wp-content\/uploads\/2010\/08\/ospiti18-150x150.jpg\" class=\"attachment-thumbnail size-thumbnail\" alt=\"\" \/><\/a>\n\t\t\t<\/dt><\/dl><dl class='gallery-item'>\n\t\t\t<dt class='gallery-icon portrait'>\n\t\t\t\t<a href='https:\/\/www.lemandolare.it\/wp-content\/uploads\/2010\/08\/ospiti-1.jpg'><img loading=\"lazy\" decoding=\"async\" width=\"150\" height=\"150\" src=\"https:\/\/www.lemandolare.it\/wp-content\/uploads\/2010\/08\/ospiti-1-150x150.jpg\" class=\"attachment-thumbnail size-thumbnail\" alt=\"\" \/><\/a>\n\t\t\t<\/dt><\/dl><br style=\"clear: both\" \/><dl class='gallery-item'>\n\t\t\t<dt class='gallery-icon portrait'>\n\t\t\t\t<a href='https:\/\/www.lemandolare.it\/wp-content\/uploads\/2010\/08\/ospiti6.jpg'><img loading=\"lazy\" decoding=\"async\" width=\"150\" height=\"150\" src=\"https:\/\/www.lemandolare.it\/wp-content\/uploads\/2010\/08\/ospiti6-150x150.jpg\" class=\"attachment-thumbnail size-thumbnail\" alt=\"\" \/><\/a>\n\t\t\t<\/dt><\/dl><dl class='gallery-item'>\n\t\t\t<dt class='gallery-icon portrait'>\n\t\t\t\t<a href='https:\/\/www.lemandolare.it\/wp-content\/uploads\/2010\/08\/ospiti13.jpg'><img loading=\"lazy\" decoding=\"async\" width=\"150\" height=\"150\" src=\"https:\/\/www.lemandolare.it\/wp-content\/uploads\/2010\/08\/ospiti13-150x150.jpg\" class=\"attachment-thumbnail size-thumbnail\" alt=\"\" \/><\/a>\n\t\t\t<\/dt><\/dl><dl class='gallery-item'>\n\t\t\t<dt class='gallery-icon portrait'>\n\t\t\t\t<a href='https:\/\/www.lemandolare.it\/wp-content\/uploads\/2010\/08\/ospiti12.jpg'><img loading=\"lazy\" decoding=\"async\" width=\"150\" height=\"150\" src=\"https:\/\/www.lemandolare.it\/wp-content\/uploads\/2010\/08\/ospiti12-150x150.jpg\" class=\"attachment-thumbnail size-thumbnail\" alt=\"\" \/><\/a>\n\t\t\t<\/dt><\/dl><br style=\"clear: both\" \/>\n\t\t<\/div>\n\n<p>&nbsp;<\/p>\n<p>&nbsp;<\/p>\n<p>&nbsp;<\/p>\n<p>&nbsp;<\/p>\n<p>&nbsp;<\/p>\n<p>&nbsp;<\/p>\n<p>&nbsp;<\/p>\n<p>&nbsp;<\/p>\n<p>&nbsp;<\/p>\n<p>&nbsp;<\/p>\n<p>&nbsp;<\/p>\n","protected":false},"excerpt":{"rendered":"<p>Pour les demandes d&#8217;information ou de r\u00e9servation, n&#8217;h\u00e9sitez pas \u00e0 nous contacter \u00e0 l&#8217;adresse: info@lemandolare.it Ferme, Agrotourisme &#8220;Le Mandolare&#8221; de Pasqualotto Lidia Via Mandolare 6, 36021Villaga (VI) Tel.:0444.776072 Fax.:0444.787453 Cell.:348.3669215 Est-que vouz avez dejas pass\u00e9 un s\u00e9jour chez nous? Vous &hellip; <a href=\"https:\/\/www.lemandolare.it\/?page_id=112&amp;lang=fr\">Continuer la lecture <span class=\"meta-nav\">&rarr;<\/span><\/a><\/p>\n","protected":false},"author":1,"featured_media":0,"parent":0,"menu_order":7,"comment_status":"closed","ping_status":"closed","template":"","meta":{"footnotes":""},"class_list":["post-112","page","type-page","status-publish","hentry"],"_links":{"self":[{"href":"https:\/\/www.lemandolare.it\/index.php?rest_route=\/wp\/v2\/pages\/112","targetHints":{"allow":["GET"]}}],"collection":[{"href":"https:\/\/www.lemandolare.it\/index.php?rest_route=\/wp\/v2\/pages"}],"about":[{"href":"https:\/\/www.lemandolare.it\/index.php?rest_route=\/wp\/v2\/types\/page"}],"author":[{"embeddable":true,"href":"https:\/\/www.lemandolare.it\/index.php?rest_route=\/wp\/v2\/users\/1"}],"replies":[{"embeddable":true,"href":"https:\/\/www.lemandolare.it\/index.php?rest_route=%2Fwp%2Fv2%2Fcomments&post=112"}],"version-history":[{"count":111,"href":"https:\/\/www.lemandolare.it\/index.php?rest_route=\/wp\/v2\/pages\/112\/revisions"}],"predecessor-version":[{"id":2186,"href":"https:\/\/www.lemandolare.it\/index.php?rest_route=\/wp\/v2\/pages\/112\/revisions\/2186"}],"wp:attachment":[{"href":"https:\/\/www.lemandolare.it\/index.php?rest_route=%2Fwp%2Fv2%2Fmedia&parent=112"}],"curies":[{"name":"wp","href":"https:\/\/api.w.org\/{rel}","templated":true}]}}