{"id":94,"date":"2010-08-01T17:52:15","date_gmt":"2010-08-01T15:52:15","guid":{"rendered":"http:\/\/127.0.0.1\/mandolare-wp\/?page_id=94"},"modified":"2018-12-30T14:41:49","modified_gmt":"2018-12-30T12:41:49","slug":"come-raggiungere-le-mandolare","status":"publish","type":"page","link":"https:\/\/www.lemandolare.it\/?page_id=94&amp;lang=de","title":{"rendered":"Dove siamo"},"content":{"rendered":"<p><p style=\"text-align: justify;\">Der Landwitschaftliche Besitz \u00ab le Mandolare \u00bb ist in Villaga beheimatet. Die fr\u00fchere Eigner und Bewohner hatten zahriche Mandelba\u00fcme gepflanzt um im Herbst die Fr\u00fcchte zu verkaufen. Heute sind noch an die dreissig Mandelba\u00fcme \u00fcbrig , und wer die  Bl\u00fctezeit im Fr\u00fchling erlebt , hat eine ungef\u00e4hre Vorstellung von dem  was der Ort im letzten Jahrundert an Sch\u00f6nheit geboten hat.<\/p>\n<p style=\"text-align: center;\"><a href=\"https:\/\/www.lemandolare.it\/wp-content\/uploads\/2012\/10\/veduta-le-mandolare-villaga-da-colle-ottobre-2012.jpg\"><img loading=\"lazy\" decoding=\"async\" title=\"veduta le mandolare villaga da colle ottobre 2012\" src=\"https:\/\/www.lemandolare.it\/wp-content\/uploads\/2012\/10\/veduta-le-mandolare-villaga-da-colle-ottobre-2012-150x150.jpg\" alt=\"\" width=\"150\" height=\"150\" \/><\/a> <a href=\"https:\/\/www.lemandolare.it\/wp-content\/uploads\/2010\/08\/panorama4.jpg\"><img loading=\"lazy\" decoding=\"async\" title=\"panorama Le Mandolare\" src=\"https:\/\/www.lemandolare.it\/wp-content\/uploads\/2010\/08\/panorama4-150x150.jpg\" alt=\"\" width=\"150\" height=\"150\" \/><\/a> <a href=\"https:\/\/www.lemandolare.it\/wp-content\/uploads\/2012\/09\/panorama-mandolare.jpg\"><img loading=\"lazy\" decoding=\"async\" title=\"panorama dall'Agriturismo Le mandolare, Villaga, Vicenza\" src=\"https:\/\/www.lemandolare.it\/wp-content\/uploads\/2012\/09\/panorama-mandolare-150x150.jpg\" alt=\"\" width=\"150\" height=\"150\" \/><\/a> <a href=\"https:\/\/www.lemandolare.it\/wp-content\/uploads\/2010\/08\/vigneti4.jpg\"><img loading=\"lazy\" decoding=\"async\" title=\"vigneti  Agriturismo Le Mandolare\" src=\"https:\/\/www.lemandolare.it\/wp-content\/uploads\/2010\/08\/vigneti4-150x150.jpg\" alt=\"\" width=\"150\" height=\"150\" \/><\/a><\/p>\n<p style=\"text-align: center;\"><a href=\"https:\/\/www.lemandolare.it\/wp-content\/uploads\/2010\/08\/esterni-14-2.jpg\"><img loading=\"lazy\" decoding=\"async\" title=\"esterni 14 2\" src=\"https:\/\/www.lemandolare.it\/wp-content\/uploads\/2010\/08\/esterni-14-2-300x224.jpg\" alt=\"\" width=\"300\" height=\"224\" \/><\/a> <a href=\"https:\/\/www.lemandolare.it\/wp-content\/uploads\/2010\/08\/esterni-14-11.jpg\"><img loading=\"lazy\" decoding=\"async\" title=\"esterni 14 1\" src=\"https:\/\/www.lemandolare.it\/wp-content\/uploads\/2010\/08\/esterni-14-11-300x224.jpg\" alt=\"\" width=\"300\" height=\"224\" \/><\/a><\/p>\n<p style=\"text-align: justify;\">Die landwirtschaftlichen Fl\u00e4chen erstrecken sich auf den H\u00e4ngen der letzten H\u00fcgeln der \u00abColli Berici \u00bb, 200 Meter \u00fcber Meeresniveau , auf ca 22 Hektar Wiesen , W\u00e4ldern, Weinberge und Olivenhaine. Aus dieser Perspektive geniesst man einen sagenhaften Blick \u00fcber die Gegend , und bei besonders klaren Tagen , sieht man am Horizont die Silhouette der ersten Appeninenbergen.<\/p>\n<p style=\"text-align: left;\">\n<h3 style=\"text-align: center;\"><strong>Der Bezirk der Berici<\/strong><\/h3>\n<p style=\"text-align: justify;\">Das Unternehmen liegt in einem Gebiet  voller M\u00f6glichkeiten entfernt: diejenigen, die Kontakt mit der Natur  lieben, werden von der Ruhe und Sch\u00f6nheit des Ortes verzaubert werden  und sind in der Lage, aus den vielen Wanderwegen und Lehrpfaden, die  reich in der Umgebung zu w\u00e4hlen.<\/p>\n<p><a href=\"https:\/\/www.lemandolare.it\/wp-content\/uploads\/2010\/08\/sentieri_.jpg\"><img loading=\"lazy\" decoding=\"async\" title=\"sentieri_\" src=\"https:\/\/www.lemandolare.it\/wp-content\/uploads\/2010\/08\/sentieri_-150x150.jpg\" alt=\"\" width=\"150\" height=\"150\" \/><\/a> <a href=\"https:\/\/www.lemandolare.it\/wp-content\/uploads\/2012\/10\/uliveto-le-mandolare-villaga-ottobre-2012.jpg\"><img loading=\"lazy\" decoding=\"async\" title=\"uliveto le mandolare villaga ottobre 2012\" src=\"https:\/\/www.lemandolare.it\/wp-content\/uploads\/2012\/10\/uliveto-le-mandolare-villaga-ottobre-2012-150x150.jpg\" alt=\"\" width=\"150\" height=\"150\" \/><\/a> <a href=\"https:\/\/www.lemandolare.it\/wp-content\/uploads\/2012\/10\/uliveti-pozzolo-di-villaga-ottobre-2012.jpg\"><img loading=\"lazy\" decoding=\"async\" title=\"uliveti pozzolo di villaga ottobre 2012\" src=\"https:\/\/www.lemandolare.it\/wp-content\/uploads\/2012\/10\/uliveti-pozzolo-di-villaga-ottobre-2012-150x150.jpg\" alt=\"\" width=\"150\" height=\"150\" \/><\/a> <a href=\"https:\/\/www.lemandolare.it\/wp-content\/uploads\/2012\/09\/mappa-comprensorio.jpg\"><img loading=\"lazy\" decoding=\"async\" title=\"mappa comprensorio Colli Berici\" src=\"https:\/\/www.lemandolare.it\/wp-content\/uploads\/2012\/09\/mappa-comprensorio-150x150.jpg\" alt=\"\" width=\"150\" height=\"150\" \/><\/a><\/p>\n<p style=\"text-align: justify;\">Treffen Sie sch\u00f6ne und faszinierende Orte, mit einer nicht zu leugnenden k\u00fcnstlerischen Wert, historischen und landschaftlichen, zwischen den engsten Stellen weisen wir darauf hin: die Einsiedelei von San Donato, der Brunnen von Curii, die H\u00f6hle von San Bernardino,\u00a0 die Kirche und das Kloster von San Pancrazio, in Barbarano Vicentino.<\/p>\n<p><a href=\"https:\/\/www.lemandolare.it\/wp-content\/uploads\/2012\/09\/Grotta-di-San-Bernardino.jpg\"><img loading=\"lazy\" decoding=\"async\" title=\"Grotta di San Bernardino\" src=\"https:\/\/www.lemandolare.it\/wp-content\/uploads\/2012\/09\/Grotta-di-San-Bernardino-150x150.jpg\" alt=\"\" width=\"150\" height=\"150\" \/><\/a> <a href=\"https:\/\/www.lemandolare.it\/wp-content\/uploads\/2012\/09\/Lago-di-Fimon-2-2.jpg\"><img loading=\"lazy\" decoding=\"async\" title=\"Lago di Fimon 2 \" src=\"https:\/\/www.lemandolare.it\/wp-content\/uploads\/2012\/09\/Lago-di-Fimon-2-2-150x150.jpg\" alt=\"\" width=\"150\" height=\"150\" \/><\/a> <a href=\"https:\/\/www.lemandolare.it\/wp-content\/uploads\/2012\/09\/Eremo-San-Donato-Pozzolo-Villaga-Foto-104.jpg\"><img loading=\"lazy\" decoding=\"async\" title=\"Eremo di San Donato a Pozzolo di Villaga\" src=\"https:\/\/www.lemandolare.it\/wp-content\/uploads\/2012\/09\/Eremo-San-Donato-Pozzolo-Villaga-Foto-104-150x150.jpg\" alt=\"\" width=\"150\" height=\"150\" \/><\/a> <a href=\"https:\/\/www.lemandolare.it\/wp-content\/uploads\/2012\/09\/Eremo-San-Donato-Pozzolo-Villaga-Foto-114.jpg\"><img loading=\"lazy\" decoding=\"async\" title=\"Vista dai covoli di San Donato, Eremo di Pozzolo \" src=\"https:\/\/www.lemandolare.it\/wp-content\/uploads\/2012\/09\/Eremo-San-Donato-Pozzolo-Villaga-Foto-114-150x150.jpg\" alt=\"\" width=\"150\" height=\"150\" \/><\/a><\/p>\n<p style=\"text-align: left;\">\n<h3 style=\"text-align: center;\"><strong>Richtungen zu The Mandolare<\/strong><\/h3>\n<p style=\"text-align: justify;\"><strong>Von der Autobahn A4: <\/strong>in der N\u00e4he von Vicenza Est, \u00a0nehmen sie die Autobahn A31 in Richtung S\u00fcden bis zur Ausfahrt Albettone-Barbarano. Weiter Vicenza-Barbarano und nach 1 km am Kreisverkehr, die SP 247 &#8220;Riviera Berica&#8221; schneidet, direkt zu Sossano f\u00fcr etwa 700 Meter, dann biegen Sie links auf die SP8, um Sossano. Am n\u00e4chsten Kreisverkehr biegen Sie rechts in die Via Dante und weiter auf der Via Giuseppe Verdi. \u00dcberqueren Sie die Mitte des Villaga, folgen Sie der Stra\u00dfe bergauf und die Kreuzung mit der Via Castello,   ab und folgen der Via Pigiavento nach ca. 2 km: der Eingang ist auf der linken Seite des Unternehmens, darunter ein Doppelreihe von Zypressen.<\/p>\n<p style=\"text-align: justify;\"><strong>Von der A13:<\/strong> Ausg\u00e4nge Monselice, an der Ausfahrt rechts abbiegen und der Beschilderung folgen nach Este, dann Noventa Vicentina. Erreicht S.P. 247 Riviera Berica, in Richtung Vicenza ca. 12 km. 50 Meter nach der Kreuzung auf der rechten Seite mit der SP8 (an der Caseificio Sociale) auf die SP8 links abbiegen, in Richtung Sossano-Orgiano-Lonigo.\u00a0Nach ca. 1 km, am Kreisverkehr nehmen Sie die erste Stra\u00dfe rechts, in Richtung Villaga. Entlang der Via Dante, nach ca. 1 km rechts in die Via Fornace, nach 20 Metern in der Via Giuseppe Verdi nach links abbiegen. Durch die Mitte Villaga und folgen der Stra\u00dfe bergauf und der Kreuzung mit der Via Castello, biegen Sie links ab und gehen Sie Via Pigiavento und Fahren Sie f\u00fcr ca. 2 km: der Eingang liegt auf der linken Seite, zwischen einer Doppelreihe von Zypressen.<\/p>\n<p style=\"text-align: justify;\"><a href=\"https:\/\/www.lemandolare.it\/wp-content\/uploads\/2010\/08\/Mappa-web.jpg\"><img loading=\"lazy\" decoding=\"async\" class=\"alignnone size-large wp-image-1883\" title=\"Mappa web\" src=\"https:\/\/www.lemandolare.it\/wp-content\/uploads\/2010\/08\/Mappa-web-789x1024.jpg\" alt=\"\" width=\"640\" height=\"830\" srcset=\"https:\/\/www.lemandolare.it\/wp-content\/uploads\/2010\/08\/Mappa-web-789x1024.jpg 789w, https:\/\/www.lemandolare.it\/wp-content\/uploads\/2010\/08\/Mappa-web-231x300.jpg 231w, https:\/\/www.lemandolare.it\/wp-content\/uploads\/2010\/08\/Mappa-web.jpg 911w\" sizes=\"auto, (max-width: 640px) 100vw, 640px\" \/><\/a><\/p>\n<p style=\"text-align: center;\"><strong>Interaktiven karte:<\/strong> <small><a style=\"color: #0000ff; text-align: left;\" href=\"https:\/\/www.google.it\/maps\/place\/Agriturismo+%22Le+Mandolare%22\/@45.400644,11.525281,17z\/data=!3m1!4b1!4m2!3m1!1s0x477f3b597552fcf7:0xf2381f381060dce4?hl=it\">planen Sie Ihre Route mit Google Maps<\/a><\/small><\/p>\n<p style=\"text-align: center;\">\n","protected":false},"excerpt":{"rendered":"<p>Der Landwitschaftliche Besitz \u00ab le Mandolare \u00bb ist in Villaga beheimatet. Die fr\u00fchere Eigner und Bewohner hatten zahriche Mandelba\u00fcme gepflanzt um im Herbst die Fr\u00fcchte zu verkaufen. Heute sind noch an die dreissig Mandelba\u00fcme \u00fcbrig , und wer die Bl\u00fctezeit &hellip; <a href=\"https:\/\/www.lemandolare.it\/?page_id=94&amp;lang=de\">Weiterlesen <span class=\"meta-nav\">&rarr;<\/span><\/a><\/p>\n","protected":false},"author":1,"featured_media":0,"parent":0,"menu_order":6,"comment_status":"closed","ping_status":"closed","template":"","meta":{"footnotes":""},"class_list":["post-94","page","type-page","status-publish","hentry"],"_links":{"self":[{"href":"https:\/\/www.lemandolare.it\/index.php?rest_route=\/wp\/v2\/pages\/94","targetHints":{"allow":["GET"]}}],"collection":[{"href":"https:\/\/www.lemandolare.it\/index.php?rest_route=\/wp\/v2\/pages"}],"about":[{"href":"https:\/\/www.lemandolare.it\/index.php?rest_route=\/wp\/v2\/types\/page"}],"author":[{"embeddable":true,"href":"https:\/\/www.lemandolare.it\/index.php?rest_route=\/wp\/v2\/users\/1"}],"replies":[{"embeddable":true,"href":"https:\/\/www.lemandolare.it\/index.php?rest_route=%2Fwp%2Fv2%2Fcomments&post=94"}],"version-history":[{"count":223,"href":"https:\/\/www.lemandolare.it\/index.php?rest_route=\/wp\/v2\/pages\/94\/revisions"}],"predecessor-version":[{"id":2162,"href":"https:\/\/www.lemandolare.it\/index.php?rest_route=\/wp\/v2\/pages\/94\/revisions\/2162"}],"wp:attachment":[{"href":"https:\/\/www.lemandolare.it\/index.php?rest_route=%2Fwp%2Fv2%2Fmedia&parent=94"}],"curies":[{"name":"wp","href":"https:\/\/api.w.org\/{rel}","templated":true}]}}