{"id":81,"date":"2010-08-01T17:35:50","date_gmt":"2010-08-01T15:35:50","guid":{"rendered":"http:\/\/127.0.0.1\/mandolare-wp\/?page_id=81"},"modified":"2021-08-21T09:49:36","modified_gmt":"2021-08-21T07:49:36","slug":"il-vostro-tempo-libero","status":"publish","type":"page","link":"https:\/\/www.lemandolare.it\/?page_id=81&amp;lang=de","title":{"rendered":"Attivit\u00e0 e itinerari"},"content":{"rendered":"<h3><strong>Der Lesesaal, ein Picknickplatz, ein Spielplatz f\u00fcr Kinder, Der Trail:<\/strong><\/h3>\n<table style=\"width: 650px; border: 0px none;\">\n<tbody>\n<tr>\n<td style=\"padding-left: 20px; padding-right: 30px; border: 0px;\"><span class=\"ptext\"> <\/span><strong> <\/strong><strong> <\/strong><\/p>\n<p><strong> <\/strong><\/p>\n<p><strong> <\/strong><\/p>\n<p><strong> <\/strong><\/p>\n<p><strong> <\/strong><\/p>\n<p><strong> <\/strong><\/p>\n<p><strong> <\/strong><\/p>\n<p><strong> <\/strong><\/p>\n<p><strong> <\/strong><\/p>\n<p><strong> <\/strong><\/p>\n<p><strong> <\/strong><\/p>\n<p><strong> <\/strong><\/p>\n<p><strong> <\/strong><\/p>\n<p><strong> <\/strong><\/p>\n<p><strong> <\/strong><\/p>\n<p><strong> <\/strong><\/p>\n<p><strong> <\/strong><\/p>\n<p><strong> <\/strong><\/p>\n<p><strong> <\/strong><\/p>\n<p><strong> <\/strong><\/p>\n<p><strong> <\/strong><\/p>\n<p><strong> <\/strong><\/p>\n<p><strong> <\/strong><\/p>\n<p><strong> <\/strong><\/p>\n<p><strong> <\/strong><\/p>\n<p><strong> <\/strong><\/p>\n<p><strong> <\/strong><\/p>\n<p><strong> <\/strong><\/p>\n<p><strong> <\/strong><\/p>\n<p><strong> <\/strong><\/p>\n<p><strong> <\/strong><\/p>\n<p><strong> <\/strong><\/p>\n<p><strong> <\/strong><\/p>\n<p><strong> <\/strong><\/p>\n<p><strong> <\/strong><\/p>\n<p><strong> <\/strong><\/p>\n<p><strong> <\/strong><\/p>\n<p><strong> <\/strong><\/p>\n<p><strong> <\/strong><\/p>\n<p><strong> <\/strong><\/p>\n<p><strong> <\/strong><\/p>\n<p><strong> <\/strong><\/p>\n<p><strong> <\/strong><\/p>\n<p><strong> <\/strong><\/p>\n<p><strong> <\/strong><\/p>\n<p><strong> <\/strong><\/p>\n<p><strong> <\/strong><\/p>\n<p><strong> <\/strong><\/p>\n<p><strong> <\/strong><\/p>\n<p><strong> <\/strong><\/p>\n<p><strong> <\/strong><\/p>\n<p><strong> <\/strong><\/p>\n<p><strong> <\/strong><\/p>\n<p><strong><\/strong><\/p>\n<p><strong><\/strong><\/p>\n<p><strong><\/strong><\/p>\n<p><strong><\/strong><\/p>\n<p><strong><\/strong><\/p>\n<p><strong><\/strong><\/p>\n<p><strong><\/strong><\/p>\n<p><strong><\/strong><\/p>\n<p><strong><\/strong><\/p>\n<p><strong><\/strong><\/p>\n<p><strong><\/strong><\/p>\n<p><strong><\/p>\n<ul style=\"text-align: left;\"> Ausgestattet Picknickplatz Sie das herrliche Panorama, das von den Euganeischen H\u00fcgel fegt in den s\u00fcdlichen Teil der Provinz Vicenza bewundern k\u00f6nnen.<\/ul>\n<p><\/strong><strong><\/strong><strong><\/strong><strong><\/strong><strong><\/strong><strong><\/strong><strong><\/strong><strong><\/strong><strong><\/strong><strong><\/strong><strong><\/strong><strong><\/strong><strong> <\/strong><strong> <\/strong><strong> <a href=\"https:\/\/www.lemandolare.it\/wp-content\/uploads\/2010\/08\/terrazza.jpg\"><img loading=\"lazy\" decoding=\"async\" title=\"terrazza\" src=\"https:\/\/www.lemandolare.it\/wp-content\/uploads\/2010\/08\/terrazza-150x150.jpg\" alt=\"\" width=\"150\" height=\"150\"><\/a> <a href=\"https:\/\/www.lemandolare.it\/wp-content\/uploads\/2010\/08\/panorama-mandolare.jpg\"><img loading=\"lazy\" decoding=\"async\" title=\"panorama mandolare\" src=\"https:\/\/www.lemandolare.it\/wp-content\/uploads\/2010\/08\/panorama-mandolare-150x150.jpg\" alt=\"\" width=\"150\" height=\"150\"><\/a> <a href=\"https:\/\/www.lemandolare.it\/wp-content\/uploads\/2012\/10\/piscina-panorama-le-mandolare-villaga.jpg\"><img loading=\"lazy\" decoding=\"async\" title=\"piscina panorama le mandolare villaga\" src=\"https:\/\/www.lemandolare.it\/wp-content\/uploads\/2012\/10\/piscina-panorama-le-mandolare-villaga-150x150.jpg\" alt=\"\" width=\"150\" height=\"150\"><\/a><\/strong><\/td>\n<\/tr>\n<\/tbody>\n<\/table>\n<table style=\"width: 650px; border: 0px none;\">\n<tbody>\n<tr>\n<td style=\"padding-left: 20px; padding-right: 30px; border: 0px;\"><span class=\"ptext\"> <strong> <\/strong><\/span><\/p>\n<ul><strong><\/p>\n<ul>\n<li style=\"text-align: left;\">Zur Verf\u00fcgung der G\u00e4ste gibt es auch ein Holzofen und ein Grill.<\/li>\n<\/ul>\n<p><a href=\"https:\/\/www.lemandolare.it\/wp-content\/uploads\/2010\/08\/forno2.jpg\"><img loading=\"lazy\" decoding=\"async\" class=\"alignnone size-thumbnail wp-image-468\" title=\"forno2\" src=\"https:\/\/www.lemandolare.it\/wp-content\/uploads\/2010\/08\/forno2-150x150.jpg\" alt=\"\" width=\"150\" height=\"150\"><\/a> <a href=\"https:\/\/www.lemandolare.it\/wp-content\/uploads\/2010\/08\/forno-a-legna.jpg\"><img loading=\"lazy\" decoding=\"async\" class=\"alignnone size-thumbnail wp-image-1649\" title=\"forno a legna\" src=\"https:\/\/www.lemandolare.it\/wp-content\/uploads\/2010\/08\/forno-a-legna-150x150.jpg\" alt=\"\" width=\"150\" height=\"150\"><\/a> <a href=\"https:\/\/www.lemandolare.it\/wp-content\/uploads\/2010\/08\/grigliata.jpg\"><img loading=\"lazy\" decoding=\"async\" class=\"alignnone size-thumbnail wp-image-459\" title=\"grigliata\" src=\"https:\/\/www.lemandolare.it\/wp-content\/uploads\/2010\/08\/grigliata-150x138.jpg\" alt=\"\" width=\"150\" height=\"138\"><\/a><\/p>\n<ul>\n<li style=\"text-align: left;\">Von Olivenb\u00e4umen hat vorbereitete Fl\u00e4che f\u00fcr Gymnastik, die in einem &#8220;life course&#8221; eingef\u00fcgt werden kann ausgestattet.<\/li>\n<\/ul>\n<div><a href=\"https:\/\/www.lemandolare.it\/wp-content\/uploads\/2010\/07\/IMG_1021_2.jpg\"><img loading=\"lazy\" decoding=\"async\" title=\"IMG_1021_2\" src=\"https:\/\/www.lemandolare.it\/wp-content\/uploads\/2010\/07\/IMG_1021_2-150x150.jpg\" alt=\"\" width=\"150\" height=\"150\"><\/a> <a href=\"https:\/\/www.lemandolare.it\/wp-content\/uploads\/2012\/08\/percorso-vita.jpg\"><img loading=\"lazy\" decoding=\"async\" title=\"percorso vita\" src=\"https:\/\/www.lemandolare.it\/wp-content\/uploads\/2012\/08\/percorso-vita-150x150.jpg\" alt=\"\" width=\"150\" height=\"150\"><\/a> <a href=\"https:\/\/www.lemandolare.it\/wp-content\/uploads\/2010\/07\/Azienda-Agricola-Agriturismo-Le-Mandolare-percorso-vita-2.jpg\"><img loading=\"lazy\" decoding=\"async\" title=\"Azienda Agricola -Agriturismo Le Mandolare -percorso vita 2\" src=\"https:\/\/www.lemandolare.it\/wp-content\/uploads\/2010\/07\/Azienda-Agricola-Agriturismo-Le-Mandolare-percorso-vita-2-150x150.jpg\" alt=\"\" width=\"150\" height=\"150\"><\/a><\/div>\n<ul>\n<li style=\"text-align: left;\"><strong>Neben dem Pool ist ein kleiner Spielplatz f\u00fcr j\u00fcngere Kinder.<\/strong><\/li>\n<\/ul>\n<div><a href=\"https:\/\/www.lemandolare.it\/wp-content\/uploads\/2010\/08\/area-giochi.jpg\"><img loading=\"lazy\" decoding=\"async\" title=\"area giochi\" src=\"https:\/\/www.lemandolare.it\/wp-content\/uploads\/2010\/08\/area-giochi-150x150.jpg\" alt=\"\" width=\"150\" height=\"150\"><\/a> <a href=\"https:\/\/www.lemandolare.it\/wp-content\/uploads\/2010\/08\/area-giochi-2.jpg\"><img loading=\"lazy\" decoding=\"async\" title=\"area giochi \" src=\"https:\/\/www.lemandolare.it\/wp-content\/uploads\/2010\/08\/area-giochi-2-150x150.jpg\" alt=\"\" width=\"150\" height=\"150\"><\/a> <a href=\"https:\/\/www.lemandolare.it\/wp-content\/uploads\/2010\/08\/panorama31.jpg\"><img loading=\"lazy\" decoding=\"async\" title=\"panorama3\" src=\"https:\/\/www.lemandolare.it\/wp-content\/uploads\/2010\/08\/panorama31-150x150.jpg\" alt=\"\" width=\"150\" height=\"150\"><\/a><\/div>\n<p><\/strong><strong><\/strong><strong><\/strong><strong><\/strong><strong><\/strong><strong><\/strong><strong><\/strong><strong><\/strong><strong><\/strong><strong><\/strong><strong><\/strong><strong><\/strong><strong> <\/strong><\/ul>\n<\/td>\n<\/tr>\n<\/tbody>\n<\/table>\n<table style=\"width: 650px; border: 0px none;\">\n<tbody>\n<tr>\n<td style=\"padding-left: 20px; padding-right: 30px; border: 0px;\"><span class=\"ptext\"> <strong> <\/strong><\/span> <strong> <\/strong> <strong> <\/strong> <strong> <\/strong><\/p>\n<p><strong> <\/strong><\/p>\n<p><strong> <\/strong><\/p>\n<p><strong> <\/strong><\/p>\n<p><strong> <\/strong><\/p>\n<p><strong> <\/strong><\/p>\n<p><strong> <\/strong><\/p>\n<p><strong> <\/strong><\/p>\n<p><strong> <\/strong><\/p>\n<p><strong> <\/strong><\/p>\n<p><strong> <\/strong><\/p>\n<p><strong> <\/strong><\/p>\n<p><strong> <\/strong><\/p>\n<p><strong> <\/strong><\/p>\n<p><strong> <\/strong><\/p>\n<p><strong> <\/strong><\/p>\n<p><strong> <\/strong><\/p>\n<p><strong> <\/strong><\/p>\n<p><strong> <\/strong><\/p>\n<p><strong> <\/strong><\/p>\n<p><strong> <\/strong><\/p>\n<p><strong> <\/strong><\/p>\n<p><strong> <\/strong><\/p>\n<p><strong> <\/strong><\/p>\n<p><strong> <\/strong><\/p>\n<p><strong> <\/strong><\/p>\n<p><strong> <\/strong><\/p>\n<p><strong> <\/strong><\/p>\n<p><strong> <\/strong><\/p>\n<p><strong> <\/strong><\/p>\n<p><strong> <\/strong><\/p>\n<p><strong> <\/strong><\/p>\n<p><strong> <\/strong><\/p>\n<p><strong> <\/strong><\/p>\n<p><strong> <\/strong><\/p>\n<p><strong> <\/strong><\/p>\n<p><strong> <\/strong><\/p>\n<p><strong> <\/strong><\/p>\n<p><strong> <\/strong><\/p>\n<p><strong> <\/strong><\/p>\n<p><strong> <\/strong><\/p>\n<p><strong> <\/strong><\/p>\n<p><strong> <\/strong><\/p>\n<p><strong> <\/strong><\/p>\n<p><strong> <\/strong><\/p>\n<p><strong> <\/strong><\/p>\n<p><strong> <\/strong><\/p>\n<p><strong> <\/strong><\/p>\n<p><strong> <\/strong><\/p>\n<p><strong> <\/strong><\/p>\n<p><strong> <\/strong><\/p>\n<p><strong> <\/strong><\/p>\n<p><strong><\/strong><\/p>\n<p><strong><\/strong><\/p>\n<p><strong><\/strong><\/p>\n<p><strong><\/strong><\/p>\n<p><strong><\/strong><\/p>\n<p><strong><\/strong><\/p>\n<p><strong><\/strong><\/p>\n<p><strong><\/strong><\/p>\n<p><strong><\/strong><\/p>\n<p><strong><\/strong><\/p>\n<p><strong><\/strong><\/p>\n<p><strong><\/p>\n<ul>\n<li style=\"text-align: left;\">Im Lesesaal haben Sie Brettspiele und Informationsmaterial \u00fcber die Umgebung.<\/li>\n<\/ul>\n<p><\/strong><strong><\/strong><strong><\/strong><strong><\/strong><strong><\/strong><strong><\/strong><strong><\/strong><strong><\/strong><strong><\/strong><strong><\/strong><strong><\/strong><strong><\/strong><\/td>\n<\/tr>\n<\/tbody>\n<\/table>\n<p style=\"text-align: center;\"><a href=\"https:\/\/www.lemandolare.it\/wp-content\/uploads\/2010\/08\/lounge-e-vetrina-prodotti.jpg\"><img loading=\"lazy\" decoding=\"async\" title=\"lounge e vetrina prodotti\" src=\"https:\/\/www.lemandolare.it\/wp-content\/uploads\/2010\/08\/lounge-e-vetrina-prodotti-150x150.jpg\" alt=\"\" width=\"150\" height=\"150\"><\/a> <a href=\"https:\/\/www.lemandolare.it\/wp-content\/uploads\/2010\/08\/ingresso-alloggi-e-lounge-2.jpg\"><img loading=\"lazy\" decoding=\"async\" title=\"ingresso alloggi e lounge 2\" src=\"https:\/\/www.lemandolare.it\/wp-content\/uploads\/2010\/08\/ingresso-alloggi-e-lounge-2-150x150.jpg\" alt=\"\" width=\"150\" height=\"150\"><\/a> <a href=\"https:\/\/www.lemandolare.it\/wp-content\/uploads\/2010\/08\/foto-3.jpg\"><img loading=\"lazy\" decoding=\"async\" title=\"lounge\" src=\"https:\/\/www.lemandolare.it\/wp-content\/uploads\/2010\/08\/foto-3-150x150.jpg\" alt=\"\" width=\"150\" height=\"150\"><\/a> <a href=\"https:\/\/www.lemandolare.it\/wp-content\/uploads\/2010\/08\/ingresso-alloggi-e-lounge3.jpg\"><img loading=\"lazy\" decoding=\"async\" title=\"ingresso alloggi e lounge3\" src=\"https:\/\/www.lemandolare.it\/wp-content\/uploads\/2010\/08\/ingresso-alloggi-e-lounge3-150x150.jpg\" alt=\"\" width=\"150\" height=\"150\"><\/a><\/p>\n<h3>KULTURROUTEN<\/h3>\n<p>F\u00fcr diejenigen, die kulturelle Besichtigungen lieben, Sie kann die nahe Villen Palladios und die vielen venezianischen Villen von gro\u00dfem historischem und k\u00fcnstlerischem interesse besuchen, zum beispiel die Villa Pisani, \u201cLa Rocca Pisana\u201d, in  Lonigo, die Villa Pisani Bonetti in Bagnolo di Lonigo, die Villa Fracanzan Piovene in Orgiano, die Villa Pigafetta Arnaldi Camerini in Mossano, die Villa Saraceno in Agugliaro, die Villa Manin Cantarella in Noventa Vicentina.<\/p>\n<p><a href=\"https:\/\/www.lemandolare.it\/wp-content\/uploads\/2010\/08\/Piazza-dei-Signori-Vicenza.jpg\"><img loading=\"lazy\" decoding=\"async\" class=\"alignnone size-thumbnail wp-image-470\" title=\"Piazza-dei-Signori-Vicenza\" src=\"https:\/\/www.lemandolare.it\/wp-content\/uploads\/2010\/08\/Piazza-dei-Signori-Vicenza-150x150.jpg\" alt=\"\" width=\"150\" height=\"150\"><\/a> <a href=\"https:\/\/www.lemandolare.it\/wp-content\/uploads\/2012\/09\/Villa_Almerico_Capra_La_Rotonda-105.jpg\"><img loading=\"lazy\" decoding=\"async\" class=\"alignnone size-thumbnail wp-image-541\" title=\"Villa_Almerico_Capra_La_Rotonda-105\" src=\"https:\/\/www.lemandolare.it\/wp-content\/uploads\/2012\/09\/Villa_Almerico_Capra_La_Rotonda-105-150x150.jpg\" alt=\"\" width=\"150\" height=\"150\"><\/a> <a href=\"https:\/\/www.lemandolare.it\/wp-content\/uploads\/2012\/09\/350px-Prato_7_canale.jpg\"><img loading=\"lazy\" decoding=\"async\" class=\"alignnone size-thumbnail wp-image-569\" title=\"350px-Prato_7_canale\" src=\"https:\/\/www.lemandolare.it\/wp-content\/uploads\/2012\/09\/350px-Prato_7_canale-150x150.jpg\" alt=\"\" width=\"150\" height=\"150\"><\/a> <a href=\"https:\/\/www.lemandolare.it\/wp-content\/uploads\/2012\/09\/piazza-san-marco.jpeg\"><img loading=\"lazy\" decoding=\"async\" class=\"alignnone size-thumbnail wp-image-568\" title=\"piazza san marco\" src=\"https:\/\/www.lemandolare.it\/wp-content\/uploads\/2012\/09\/piazza-san-marco-150x150.jpg\" alt=\"\" width=\"150\" height=\"150\"><\/a><\/p>\n<p>Wir befinden uns strategisch gesehen in einer sehr g\u00fcntigen Lage des Veneto umeinige der Weltsch\u00f6nsten St\u00e4dte besichtigen zu k\u00f6nnen so, zum beispiel:<\/p>\n<p>Verona die Stadt Romeos und Julias und  der Arena, Castelvecchio, San Zeno;<\/p>\n<p>Vicenza, genannt par excellence die Stadt Palladios, die Sch\u00e4tze wie Villa Capra Valmarana von &#8220;La Rotonda&#8221; und Valmarana &#8220;Ai Nani&#8221; beherbergt, die herrliche Kleinstadt Bassano del Grappa, das Hochplateau von Asiago und die 7 Gemeinden, die Berici;<\/p>\n<p>Padua die alte Universit\u00e4tstadt mit der Basilika San Antonio und seine Giottofresken, Prato della Valle, Abano und seine Thermen, die vielen Villen des Brenta kanals, die Euganeische H\u00fcgel und Arqua Petrarca , Monselice, Montagnana und Este.<\/p>\n<p>Venedig, ber\u00fchmt f\u00fcr seine Basilika, in den Komplex der Piazza San Marco und den Dogenpalast, sondern auch der Palazzo Grassi und der Peggy Guggenheim Collection, Karneval und historische Regatta, der Theater La Fenice und den Filmfestspielen von Venedig und seine Lagune seinen Inseln, die Str\u00e4nde von Lido und das nahe gelegene Jesolo.<\/p>\n<p>Aber auch die h\u00fcbsche Asolo, die Stadt Treviso und Belluno, Kleinode der Architektur, der Delta del Po&#8217;, mit seinen spektakul\u00e4ren Naturpark und den Dolomiten von Cadore, die vor kurzem zum Weltkulturerbe erkl\u00e4rt wurde, und schlie\u00dflich die sch\u00f6ne Cortina.<\/td>\n<\/tr>\n<\/tbody>\n<\/table>\n","protected":false},"excerpt":{"rendered":"<p>Der Lesesaal, ein Picknickplatz, ein Spielplatz f\u00fcr Kinder, Der Trail: Ausgestattet Picknickplatz Sie das herrliche Panorama, das von den Euganeischen H\u00fcgel fegt in den s\u00fcdlichen Teil der Provinz Vicenza bewundern k\u00f6nnen. Zur Verf\u00fcgung der G\u00e4ste gibt es auch ein Holzofen &hellip; <a href=\"https:\/\/www.lemandolare.it\/?page_id=81&amp;lang=de\">Weiterlesen <span class=\"meta-nav\">&rarr;<\/span><\/a><\/p>\n","protected":false},"author":1,"featured_media":0,"parent":0,"menu_order":5,"comment_status":"closed","ping_status":"closed","template":"","meta":{"footnotes":""},"class_list":["post-81","page","type-page","status-publish","hentry"],"_links":{"self":[{"href":"https:\/\/www.lemandolare.it\/index.php?rest_route=\/wp\/v2\/pages\/81","targetHints":{"allow":["GET"]}}],"collection":[{"href":"https:\/\/www.lemandolare.it\/index.php?rest_route=\/wp\/v2\/pages"}],"about":[{"href":"https:\/\/www.lemandolare.it\/index.php?rest_route=\/wp\/v2\/types\/page"}],"author":[{"embeddable":true,"href":"https:\/\/www.lemandolare.it\/index.php?rest_route=\/wp\/v2\/users\/1"}],"replies":[{"embeddable":true,"href":"https:\/\/www.lemandolare.it\/index.php?rest_route=%2Fwp%2Fv2%2Fcomments&post=81"}],"version-history":[{"count":241,"href":"https:\/\/www.lemandolare.it\/index.php?rest_route=\/wp\/v2\/pages\/81\/revisions"}],"predecessor-version":[{"id":2182,"href":"https:\/\/www.lemandolare.it\/index.php?rest_route=\/wp\/v2\/pages\/81\/revisions\/2182"}],"wp:attachment":[{"href":"https:\/\/www.lemandolare.it\/index.php?rest_route=%2Fwp%2Fv2%2Fmedia&parent=81"}],"curies":[{"name":"wp","href":"https:\/\/api.w.org\/{rel}","templated":true}]}}