{"id":60,"date":"2010-07-27T23:28:00","date_gmt":"2010-07-27T21:28:00","guid":{"rendered":"http:\/\/127.0.0.1\/mandolare-wp\/?page_id=60"},"modified":"2021-06-08T18:04:56","modified_gmt":"2021-06-08T16:04:56","slug":"alloggi","status":"publish","type":"page","link":"https:\/\/www.lemandolare.it\/?page_id=60&amp;lang=de","title":{"rendered":"Alloggi"},"content":{"rendered":"<p><span style=\"font-size: 16px;\"><strong>Das ganze Jahr \u00fcber kann reserviert werden: wir haben 2 DoppelZimmer mit Bad oder 2 kleine Appartments und ein Studio (insgesamt 19 Betten), und Ihre Vierbeiner sind ebenfalls willkommen. Das Unternehmen bietet seinen G\u00e4sten einen kostenlosen WiFi-Internetzugang .<\/strong><\/span><\/p>\n<p><strong>Z\u00f6gern Sie nicht uns zu <a href=\"contatti.php\"> kontaktieren <\/a> wenn Reservierungen anstehen oder Informationen ben\u00f6tigt werden. Ihre Gastgeberin sp richt Franz\u00f6sisch .<\/strong><\/p>\n<p><strong><em>Die Zimmer <\/em><\/strong><\/p>\n<p>Wir stellen Ihnen 2 Doppelzimmer und ein Vierbettzimmer zur Verf\u00fcgung: alle Zimmer verf\u00fcgen \u00fcber ein Bad mit Haarf\u00f6hn, Fernsehger\u00e4t, und Klimatisation.<\/p>\n<p><a href=\"https:\/\/www.lemandolare.it\/wp-content\/uploads\/2010\/07\/blu1fj.jpg\"><img loading=\"lazy\" decoding=\"async\" class=\"alignnone size-thumbnail wp-image-1626\" title=\"blu1fj\" src=\"https:\/\/www.lemandolare.it\/wp-content\/uploads\/2010\/07\/blu1fj-150x150.jpg\" alt=\"\" width=\"150\" height=\"150\" \/><\/a> <a href=\"https:\/\/www.lemandolare.it\/wp-content\/uploads\/2010\/07\/3_4-bed-room.jpg\"><img loading=\"lazy\" decoding=\"async\" class=\"alignnone size-thumbnail wp-image-1598\" title=\"3_4 bed room\" src=\"https:\/\/www.lemandolare.it\/wp-content\/uploads\/2010\/07\/3_4-bed-room-150x150.jpg\" alt=\"\" width=\"150\" height=\"150\" \/><\/a> <a href=\"https:\/\/www.lemandolare.it\/wp-content\/uploads\/2010\/07\/foto.jpg\"><img loading=\"lazy\" decoding=\"async\" class=\"alignnone size-thumbnail wp-image-1624\" title=\"Camera verde\" src=\"https:\/\/www.lemandolare.it\/wp-content\/uploads\/2010\/07\/foto-150x150.jpg\" alt=\"\" width=\"150\" height=\"150\" \/><\/a><\/p>\n<p>Die M\u00f6blierung wurde nach Komfortgesichtspunkte ausgew\u00e4hlt und entspricht gleichzeitig den rustikalfreundlichen Aspekt der Region. Das Fr\u00fchst\u00fcck ist im Preis inbegriffen .<\/p>\n<p><a href=\"https:\/\/www.lemandolare.it\/wp-content\/uploads\/2014\/03\/foto-23.jpg\"><img loading=\"lazy\" decoding=\"async\" class=\"alignnone size-thumbnail wp-image-1630\" title=\"interni \" src=\"https:\/\/www.lemandolare.it\/wp-content\/uploads\/2014\/03\/foto-23-150x150.jpg\" alt=\"\" width=\"150\" height=\"150\" \/><\/a> <a href=\"https:\/\/www.lemandolare.it\/wp-content\/uploads\/2014\/03\/camera.jpg\"><img loading=\"lazy\" decoding=\"async\" class=\"alignnone size-thumbnail wp-image-1629\" title=\"camera\" src=\"https:\/\/www.lemandolare.it\/wp-content\/uploads\/2014\/03\/camera-150x150.jpg\" alt=\"\" width=\"150\" height=\"150\" \/><\/a> <a href=\"https:\/\/www.lemandolare.it\/wp-content\/uploads\/2014\/03\/blu2.jpg\"><img loading=\"lazy\" decoding=\"async\" class=\"alignnone size-thumbnail wp-image-1628\" title=\"Camera blu\" src=\"https:\/\/www.lemandolare.it\/wp-content\/uploads\/2014\/03\/blu2-150x150.jpg\" alt=\"\" width=\"150\" height=\"150\" \/><\/a><\/p>\n<p><strong><span class=\"ptitle2\">Die Appartments :<\/span><\/strong><\/p>\n<p>Die 2 Appartments sind gleich gross und verf\u00fcgen \u00fcber ein Schlafzimmer mit 2 Betten, einen Wohnraum mit K\u00fcchenecke und 2 zus\u00e4tzliche ausziehbare Betten sowie einen Entr\u00e9e und ein Badezimmer. Beide Appartments bitten einen herrlichen Blick \u00dcber das ganze Tal .<\/p>\n<p><a href=\"https:\/\/www.lemandolare.it\/wp-content\/uploads\/2013\/01\/le-mandolare-apartment-bedroom.jpg\"><img loading=\"lazy\" decoding=\"async\" class=\"alignnone size-thumbnail wp-image-1367\" title=\"le mandolare apartment bedroom\" src=\"https:\/\/www.lemandolare.it\/wp-content\/uploads\/2013\/01\/le-mandolare-apartment-bedroom-150x150.jpg\" alt=\"\" width=\"150\" height=\"150\" \/><\/a> <a href=\"https:\/\/www.lemandolare.it\/wp-content\/uploads\/2013\/01\/le-mandolare-apartment.jpg\"><img loading=\"lazy\" decoding=\"async\" class=\"alignnone size-thumbnail wp-image-1370\" title=\"le mandolare apartment\" src=\"https:\/\/www.lemandolare.it\/wp-content\/uploads\/2013\/01\/le-mandolare-apartment-150x150.jpg\" alt=\"\" width=\"150\" height=\"150\" \/><\/a> <a href=\"https:\/\/www.lemandolare.it\/wp-content\/uploads\/2013\/01\/le-mandolare-apartment-balcony-view.jpg\"><img loading=\"lazy\" decoding=\"async\" class=\"alignnone size-thumbnail wp-image-1365\" title=\"le mandolare apartment balcony view\" src=\"https:\/\/www.lemandolare.it\/wp-content\/uploads\/2013\/01\/le-mandolare-apartment-balcony-view-150x150.jpg\" alt=\"\" width=\"150\" height=\"150\" \/><\/a> <a href=\"https:\/\/www.lemandolare.it\/wp-content\/uploads\/2012\/09\/appartamento_bathroom.jpg\"><img loading=\"lazy\" decoding=\"async\" class=\"alignnone size-thumbnail wp-image-557\" title=\"appartamento_pianta\" src=\"https:\/\/www.lemandolare.it\/wp-content\/uploads\/2012\/09\/appartamento_bathroom-150x150.jpg\" alt=\"\" width=\"150\" height=\"150\" \/><\/a><a href=\"https:\/\/www.lemandolare.it\/wp-content\/uploads\/2014\/03\/cucina.jpg\"><img loading=\"lazy\" decoding=\"async\" class=\"alignnone size-thumbnail wp-image-1634\" title=\"cucina\" src=\"https:\/\/www.lemandolare.it\/wp-content\/uploads\/2014\/03\/cucina-150x150.jpg\" alt=\"\" width=\"150\" height=\"150\" \/><\/a> <a href=\"https:\/\/www.lemandolare.it\/wp-content\/uploads\/2012\/09\/appartamento_cucina.jpg\"><img loading=\"lazy\" decoding=\"async\" class=\"alignnone size-thumbnail wp-image-593\" title=\"appartamento_cucina\" src=\"https:\/\/www.lemandolare.it\/wp-content\/uploads\/2012\/09\/appartamento_cucina-107x150.jpg\" alt=\"\" width=\"107\" height=\"150\" \/><\/a> <a href=\"https:\/\/www.lemandolare.it\/wp-content\/uploads\/2012\/09\/appartamento-le-mandolare.jpg\"><img loading=\"lazy\" decoding=\"async\" class=\"alignnone size-thumbnail wp-image-589\" title=\"appartamento le mandolare\" src=\"https:\/\/www.lemandolare.it\/wp-content\/uploads\/2012\/09\/appartamento-le-mandolare-150x150.jpg\" alt=\"\" width=\"150\" height=\"150\" \/><\/a><\/p>\n<p>Das Studio verf\u00fcgt \u00fcber eine K\u00fcchenecke, ein Doppelbettzimmer sowie ein ausziehbares Bett f\u00fcr eine Person.<\/p>\n<p style=\"text-align: center;\"><a href=\"https:\/\/www.lemandolare.it\/wp-content\/uploads\/2010\/07\/stud1.jpg\"><img loading=\"lazy\" decoding=\"async\" title=\"stud1\" src=\"https:\/\/www.lemandolare.it\/wp-content\/uploads\/2010\/07\/stud1-150x150.jpg\" alt=\"\" width=\"150\" height=\"150\" \/><\/a> <a href=\"https:\/\/www.lemandolare.it\/wp-content\/uploads\/2012\/08\/stud2.jpg\"><img loading=\"lazy\" decoding=\"async\" title=\"stud2\" src=\"https:\/\/www.lemandolare.it\/wp-content\/uploads\/2012\/08\/stud2-150x150.jpg\" alt=\"\" width=\"150\" height=\"150\" \/><\/a> <a href=\"https:\/\/www.lemandolare.it\/wp-content\/uploads\/2010\/07\/fbxdb.jpg\"><img loading=\"lazy\" decoding=\"async\" title=\"Studio\" src=\"https:\/\/www.lemandolare.it\/wp-content\/uploads\/2010\/07\/fbxdb-150x150.jpg\" alt=\"\" width=\"150\" height=\"150\" \/><\/a><\/p>\n<p style=\"text-align: center;\">\n<h3 style=\"text-align: center;\">EXTRA DIENSTE<\/h3>\n<ul>\n<li>Fr\u00fchst\u00fcck f\u00fcr die G\u00e4ste in Ferienwohnungen: 7 \u20ac pro Person und Tag<\/li>\n<li>Haustiere Unterkunft in Zimmern oder Wohnungen: 5 \u20ac pro Tag<\/li>\n<li>W\u00e4scheservice 24 Stunden: 2 \u20ac pro Waschgang (Waschmittel enthalten)<\/li>\n<li>Mountain bikes mieten:<br \/>\nEkomobility (<a href=\"http:\/\/www.ekomobility.com\">http:\/\/www.ekomobility.com<\/a>)<\/li>\n<\/ul>\n<table style=\"text-align: center;\">\n<tbody>\n<tr>\n<td>Zimmer oder Appartement<\/td>\n<td>Mindestpreis<\/td>\n<td>H\u00f6chstpreis<\/td>\n<\/tr>\n<tr>\n<td>Gr\u00fcn\/Blau Zimmer (zur Alleinbenutzung)<\/td>\n<td>50 euro<\/td>\n<td>60euro<\/td>\n<\/tr>\n<tr>\n<td>Studio (2+1 Personen)<\/td>\n<td>70 euro<\/td>\n<td>80 euro<\/td>\n<\/tr>\n<tr>\n<td>Appartement (4 Personen)<\/td>\n<td>80 euro<\/td>\n<td>90 euro<\/td>\n<\/tr>\n<tr>\n<td>Gr\u00fcn\/Blau Zimmer(2 Personen)<\/td>\n<td>70 euro<\/td>\n<td>80 euro<\/td>\n<\/tr>\n<tr>\n<td>3\/4 Personen Zimmer<\/td>\n<td>90 euro<\/td>\n<td>100 euro<\/td>\n<\/tr>\n<\/tbody>\n<\/table>\n<p><iframe loading=\"lazy\" style=\"border: 0;\" src=\"https:\/\/www.google.com\/maps\/embed?pb=!1m0!3m2!1sen!2sit!4v1463002759777!6m8!1m7!1s2sxjcX6pKLMAAAQINi5AnA!2m2!1d45.40029555897291!2d11.52465268833191!3f226.87!4f-0.6099999999999994!5f0.7820865974627469\" width=\"600\" height=\"450\" frameborder=\"0\" allowfullscreen=\"allowfullscreen\"><\/iframe><\/p>\n","protected":false},"excerpt":{"rendered":"<p>Das ganze Jahr \u00fcber kann reserviert werden: wir haben 2 DoppelZimmer mit Bad oder 2 kleine Appartments und ein Studio (insgesamt 19 Betten), und Ihre Vierbeiner sind ebenfalls willkommen. Das Unternehmen bietet seinen G\u00e4sten einen kostenlosen WiFi-Internetzugang . Z\u00f6gern Sie &hellip; <a href=\"https:\/\/www.lemandolare.it\/?page_id=60&amp;lang=de\">Weiterlesen <span class=\"meta-nav\">&rarr;<\/span><\/a><\/p>\n","protected":false},"author":1,"featured_media":0,"parent":0,"menu_order":4,"comment_status":"closed","ping_status":"closed","template":"","meta":{"footnotes":""},"class_list":["post-60","page","type-page","status-publish","hentry"],"_links":{"self":[{"href":"https:\/\/www.lemandolare.it\/index.php?rest_route=\/wp\/v2\/pages\/60","targetHints":{"allow":["GET"]}}],"collection":[{"href":"https:\/\/www.lemandolare.it\/index.php?rest_route=\/wp\/v2\/pages"}],"about":[{"href":"https:\/\/www.lemandolare.it\/index.php?rest_route=\/wp\/v2\/types\/page"}],"author":[{"embeddable":true,"href":"https:\/\/www.lemandolare.it\/index.php?rest_route=\/wp\/v2\/users\/1"}],"replies":[{"embeddable":true,"href":"https:\/\/www.lemandolare.it\/index.php?rest_route=%2Fwp%2Fv2%2Fcomments&post=60"}],"version-history":[{"count":202,"href":"https:\/\/www.lemandolare.it\/index.php?rest_route=\/wp\/v2\/pages\/60\/revisions"}],"predecessor-version":[{"id":2168,"href":"https:\/\/www.lemandolare.it\/index.php?rest_route=\/wp\/v2\/pages\/60\/revisions\/2168"}],"wp:attachment":[{"href":"https:\/\/www.lemandolare.it\/index.php?rest_route=%2Fwp%2Fv2%2Fmedia&parent=60"}],"curies":[{"name":"wp","href":"https:\/\/api.w.org\/{rel}","templated":true}]}}