{"id":51,"date":"2010-07-27T22:33:44","date_gmt":"2010-07-27T20:33:44","guid":{"rendered":"http:\/\/127.0.0.1\/mandolare-wp\/?page_id=51"},"modified":"2018-12-30T14:39:16","modified_gmt":"2018-12-30T12:39:16","slug":"azienda","status":"publish","type":"page","link":"https:\/\/www.lemandolare.it\/?page_id=51&amp;lang=de","title":{"rendered":"La nostra Azienda"},"content":{"rendered":"<p style=\"text-align: justify;\">Ein grossteil der 22 Ha. ist bewaldet, aber es wurde terrassiert um einen Weinberg und ein Olivenhain anzulegen. Das Olivenhain besteht aus ca 600 alte Olivenba\u00fcmen, allesamt hundertj\u00e4hrig, und 200 Ba\u00fcmen in neueren Zeit gepflanzt. Die Oliven sind in der Mehrheit der Sorte FRANTOIO, LECCINO, RASARA, GRIGNANO, aber die 3 folgende Sorten: PENDOLINO, CORATINA UND PERTEGARO, sind ebenfalls vorhanden. Am Ende des Grunst\u00fcckes, hatten die urspr\u00fcngliche Eigner eine Reihe von Olivenba\u00fcmen einer anderer Sorte (Tafeloliven) gepflanzt, die als erste den Angriff eines Sch\u00e4dlings anzeigten. Diese Massnahme erlaubte die rechzeitige Behandlung aller Ba\u00fcme bevor der Schaden wuchs.\u00a0Seit 1996, ist hier auf le Mandolare, biologische Landwirtschaft Es werden also keine sch\u00e4dliche antikriptogamische Produkte eingesetzt sowohl bei den Oliven wie im Weinberg. Nur die erlaubten und strengstens kontrollierten Mittel werden benutzt. Regelm\u00e4ssige Kontrolle werden durchgef\u00fchrt sowohl am Endprodukt wie auch beim Boden der Plantagen. Auch wird das Unkraut mechanisch entfernt und nicht mit Unkrautvernichtern chemischer Art Die Olivenernte wird direkt vom Besitzer mit Mitarbeitern get\u00e4tigt. Die Ernte wird zu einer speziellen Stelle gebracht wo die Presse nur f\u00fcr biologische Kaltpressung benutzt wird die Pressung, das Dekantieren des \u00d6les und das Abf\u00fcllen werden vom Besitzer bis zum Schluss \u00fcberwacht und verfolgt. Der Weinberg besteht ebenfalls aus alten Pflanzen und solchen neueren Datums. Auch hier ist der biologische Prozess allgegenw\u00e4rtig, und vom Besitzer bis zur letzten Phase der Lese \u00fcberwacht. Anschliessend wird hier die Ware zu eine Vertauensstelle gebracht die die weitere Arbeit der Vinifikation \u00fcbernimmt nach den, von dem Besitzer vorgegebene Vorlagen.<\/p>\n<h3 style=\"text-align: center;\"><strong>Unsere Produktion<\/strong><\/h3>\n<h3><span style=\"font-size: 16px; text-align: justify; font-weight: normal;\">Das Unternehmen produziert und vertreibt extra-natives Oliven\u00f6l aus kontrolliert biologischem Anbau und Bio-Produktion von Trauben eigenen.<\/span><\/h3>\n<h3 style=\"text-align: center;\"><strong>Unser Oliven\u00f6l<\/strong><\/h3>\n<p><strong> <a href=\"https:\/\/www.lemandolare.it\/wp-content\/uploads\/2010\/07\/olio_2016.jpg\"><img loading=\"lazy\" decoding=\"async\" class=\"alignnone size-large wp-image-1933\" title=\"Olio Extravergine D'Oliva Le Mandolare\" src=\"https:\/\/www.lemandolare.it\/wp-content\/uploads\/2010\/07\/olio_2016-1024x764.jpg\" alt=\"Olio Extravergine D'Oliva Le Mandolare\" width=\"640\" height=\"477\" srcset=\"https:\/\/www.lemandolare.it\/wp-content\/uploads\/2010\/07\/olio_2016-1024x764.jpg 1024w, https:\/\/www.lemandolare.it\/wp-content\/uploads\/2010\/07\/olio_2016-300x224.jpg 300w\" sizes=\"auto, (max-width: 640px) 100vw, 640px\" \/><\/a><\/strong><\/p>\n<p><strong>Die extra-natives Oliven\u00f6l wird in folgender Weise verkauft:<\/strong><\/p>\n<ul>\n<li><strong>lt.0.5 Flasche<\/strong><\/li>\n<li><strong>pro Kg bulk<\/strong><\/li>\n<\/ul>\n<p><strong>Unser Zertifikat der \u00dcbereinstimmung mit den Anforderungen des Gesetzes Organic Product Verordnung EG 834\/07 und 889\/08 kann eingesehen und heruntergeladen werden von der <a href=\"http:\/\/www.icea.info\/it\/servizi-online\/ricerca-aziende-e-prodotti\">Website des Instituts forschende Unternehmen und Produkte ICEA.<\/a><\/strong><\/p>\n<p><strong>Preise: Extra-Goldmedaille und 1. Veneto Biol Biol 2014, 19. Internationale Fachmesse f\u00fcr Hersteller von Bio-Oliven\u00f6l extra vergine<\/strong><\/p>\n<h3 style=\"text-align: center;\"><strong>Wein<\/strong><\/h3>\n<h4><strong>Carisio<\/strong><\/h4>\n<p><strong><a href=\"https:\/\/www.lemandolare.it\/wp-content\/uploads\/2010\/07\/FullSizeRender.jpg\"><img loading=\"lazy\" decoding=\"async\" class=\"alignnone size-large wp-image-1935\" title=\"FullSizeRender\" src=\"https:\/\/www.lemandolare.it\/wp-content\/uploads\/2010\/07\/FullSizeRender-1024x551.jpg\" alt=\"\" width=\"640\" height=\"344\" srcset=\"https:\/\/www.lemandolare.it\/wp-content\/uploads\/2010\/07\/FullSizeRender-1024x551.jpg 1024w, https:\/\/www.lemandolare.it\/wp-content\/uploads\/2010\/07\/FullSizeRender-300x161.jpg 300w\" sizes=\"auto, (max-width: 640px) 100vw, 640px\" \/><\/a><\/strong><\/p>\n<h4><strong>Unser extra Konfit\u00fcren und Gelees<\/strong><\/h4>\n<p>Marmeladen werden eingekocht mit Fr\u00fcchten der Saison, auf der \u00ab Azienda \u00bb und sind dadurch nur in limitierten Mengen vorhanden. Der Marmeladenpreis variert je nach Verarbeitung und Fruchtsortiment.<\/p>\n<ul>\n<li>Marmelade im Glas 300 gr (persimmon und \u00c4pfel mit Orangen, Pflaumen mit Zimt, Ingwer Pflaumen, Erdbeeren, Aprikosen)<\/li>\n<\/ul>\n<ul>\n<li>Jam, jar gr 200 (Granatapfel und Apfel-Rum, Pflaumen, Kirschen)<\/li>\n<\/ul>\n<ul>\n<li>Gelatine, 300 g (Erdbeertraube)<\/li>\n<\/ul>\n<ul>\n<li>Gelatine, 200 g (Granatapfel Rum und Mandeln, Erdbeertraube)<\/li>\n<\/ul>\n<p>Auf Anfrage fertigen wir auch Geschenksets mit anderen typischen Produkten der Region. Sie sehen also, Sie k\u00f6nnen das Beste von unseren Produkten mit nach Hause nehmen!<\/p>\n<p>Wenn Sie nicht die Gelegenheit haben zu uns zu kommen, k\u00f6nnen wir Ihnen unsere Produkte zusenden: <a href=\"https:\/\/www.lemandolare.it\/?page_id=112&amp;lang=de\">Kontaktieren Sie uns<\/a> einfach !<\/p>\n<p><a href=\"https:\/\/www.lemandolare.it\/wp-content\/uploads\/2010\/07\/marme2.jpg\"><img loading=\"lazy\" decoding=\"async\" title=\"confettura extra\" src=\"https:\/\/www.lemandolare.it\/wp-content\/uploads\/2010\/07\/marme2-225x300.jpg\" alt=\"\" width=\"225\" height=\"300\" \/><\/a> <a href=\"https:\/\/www.lemandolare.it\/wp-content\/uploads\/2010\/07\/foto-2.jpg\"><img loading=\"lazy\" decoding=\"async\" title=\"cesto con prodotti propri e della zona\" src=\"https:\/\/www.lemandolare.it\/wp-content\/uploads\/2010\/07\/foto-2-300x225.jpg\" alt=\"\" width=\"300\" height=\"225\" \/><\/a><\/p>\n<p><a href=\"https:\/\/www.lemandolare.it\/wp-content\/uploads\/2012\/09\/g00.jpg\"><img loading=\"lazy\" decoding=\"async\" class=\"alignnone size-medium wp-image-529\" title=\"azienda e prodotti\" src=\"https:\/\/www.lemandolare.it\/wp-content\/uploads\/2012\/09\/g00-300x199.jpg\" alt=\"\" width=\"300\" height=\"199\" srcset=\"https:\/\/www.lemandolare.it\/wp-content\/uploads\/2012\/09\/g00-300x199.jpg 300w, https:\/\/www.lemandolare.it\/wp-content\/uploads\/2012\/09\/g00.jpg 400w\" sizes=\"auto, (max-width: 300px) 100vw, 300px\" \/><\/a> <a href=\"https:\/\/www.lemandolare.it\/wp-content\/uploads\/2012\/09\/04.jpg\"><img loading=\"lazy\" decoding=\"async\" class=\"alignnone size-full wp-image-528\" title=\"prodotti stagionali\" src=\"https:\/\/www.lemandolare.it\/wp-content\/uploads\/2012\/09\/04.jpg\" alt=\"\" width=\"299\" height=\"229\" \/><\/a><\/p>\n","protected":false},"excerpt":{"rendered":"<p>Ein grossteil der 22 Ha. ist bewaldet, aber es wurde terrassiert um einen Weinberg und ein Olivenhain anzulegen. Das Olivenhain besteht aus ca 600 alte Olivenba\u00fcmen, allesamt hundertj\u00e4hrig, und 200 Ba\u00fcmen in neueren Zeit gepflanzt. Die Oliven sind in der &hellip; <a href=\"https:\/\/www.lemandolare.it\/?page_id=51&amp;lang=de\">Weiterlesen <span class=\"meta-nav\">&rarr;<\/span><\/a><\/p>\n","protected":false},"author":1,"featured_media":0,"parent":0,"menu_order":1,"comment_status":"closed","ping_status":"closed","template":"","meta":{"footnotes":""},"class_list":["post-51","page","type-page","status-publish","hentry"],"_links":{"self":[{"href":"https:\/\/www.lemandolare.it\/index.php?rest_route=\/wp\/v2\/pages\/51","targetHints":{"allow":["GET"]}}],"collection":[{"href":"https:\/\/www.lemandolare.it\/index.php?rest_route=\/wp\/v2\/pages"}],"about":[{"href":"https:\/\/www.lemandolare.it\/index.php?rest_route=\/wp\/v2\/types\/page"}],"author":[{"embeddable":true,"href":"https:\/\/www.lemandolare.it\/index.php?rest_route=\/wp\/v2\/users\/1"}],"replies":[{"embeddable":true,"href":"https:\/\/www.lemandolare.it\/index.php?rest_route=%2Fwp%2Fv2%2Fcomments&post=51"}],"version-history":[{"count":240,"href":"https:\/\/www.lemandolare.it\/index.php?rest_route=\/wp\/v2\/pages\/51\/revisions"}],"predecessor-version":[{"id":2153,"href":"https:\/\/www.lemandolare.it\/index.php?rest_route=\/wp\/v2\/pages\/51\/revisions\/2153"}],"wp:attachment":[{"href":"https:\/\/www.lemandolare.it\/index.php?rest_route=%2Fwp%2Fv2%2Fmedia&parent=51"}],"curies":[{"name":"wp","href":"https:\/\/api.w.org\/{rel}","templated":true}]}}