{"id":2,"date":"2010-07-26T22:57:54","date_gmt":"2010-07-26T20:57:54","guid":{"rendered":"http:\/\/127.0.0.1\/mandolare-wp\/?page_id=2"},"modified":"2018-12-30T14:39:01","modified_gmt":"2018-12-30T12:39:01","slug":"benvenuti","status":"publish","type":"page","link":"https:\/\/www.lemandolare.it\/?page_id=2&amp;lang=de","title":{"rendered":"Benvenuti!"},"content":{"rendered":"<\/p>\n<table class=\"c0\" style=\"width: 100%; background: url(images\/bg_content.jpg) no-repeat scroll 50% bottom transparent; height: 400px; padding-top: 0px; border: 0px none;\">\n<tbody>\n<tr>\n<td style=\"border: 0px; padding-left: 20px; padding-right: 30px;\">\n<div style=\"padding: 10px; border: 0px;\">\n<p><span class=\"entry-content\">Liegen auf den gr\u00fcnen H\u00e4ngen des H\u00fcgels, der Firma &#8220;The Mandolare&#8221; ist in einer wundersch\u00f6nen Lage: von hier aus genie\u00dft man ein herrliches Panorama auf den Ebenen: der w\u00fcrdige Marke von einer sch\u00f6nen Reise in das Herz von Berici.<\/span><\/p>\n<p>Sie geben eine der charakteristischsten der Berica l\u00e4chelnd Wiesen und W\u00e4lder. Eine wirklich beeindruckende Landschaft zu jeder Jahreszeit, zu finden, einen tiefen Kontakt mit der Natur und Entspannung lebendiger und Gedeihen unseres Landes.<\/p>\n<\/div>\n<\/td>\n<\/tr>\n<\/tbody>\n<\/table>\n","protected":false},"excerpt":{"rendered":"<p>Liegen auf den gr\u00fcnen H\u00e4ngen des H\u00fcgels, der Firma &#8220;The Mandolare&#8221; ist in einer wundersch\u00f6nen Lage: von hier aus genie\u00dft man ein herrliches Panorama auf den Ebenen: der w\u00fcrdige Marke von einer sch\u00f6nen Reise in das Herz von Berici. Sie &hellip; <a href=\"https:\/\/www.lemandolare.it\/?page_id=2&amp;lang=de\">Weiterlesen <span class=\"meta-nav\">&rarr;<\/span><\/a><\/p>\n","protected":false},"author":1,"featured_media":0,"parent":0,"menu_order":0,"comment_status":"closed","ping_status":"closed","template":"","meta":{"footnotes":""},"class_list":["post-2","page","type-page","status-publish","hentry"],"_links":{"self":[{"href":"https:\/\/www.lemandolare.it\/index.php?rest_route=\/wp\/v2\/pages\/2","targetHints":{"allow":["GET"]}}],"collection":[{"href":"https:\/\/www.lemandolare.it\/index.php?rest_route=\/wp\/v2\/pages"}],"about":[{"href":"https:\/\/www.lemandolare.it\/index.php?rest_route=\/wp\/v2\/types\/page"}],"author":[{"embeddable":true,"href":"https:\/\/www.lemandolare.it\/index.php?rest_route=\/wp\/v2\/users\/1"}],"replies":[{"embeddable":true,"href":"https:\/\/www.lemandolare.it\/index.php?rest_route=%2Fwp%2Fv2%2Fcomments&post=2"}],"version-history":[{"count":87,"href":"https:\/\/www.lemandolare.it\/index.php?rest_route=\/wp\/v2\/pages\/2\/revisions"}],"predecessor-version":[{"id":10,"href":"https:\/\/www.lemandolare.it\/index.php?rest_route=\/wp\/v2\/pages\/2\/revisions\/10"}],"wp:attachment":[{"href":"https:\/\/www.lemandolare.it\/index.php?rest_route=%2Fwp%2Fv2%2Fmedia&parent=2"}],"curies":[{"name":"wp","href":"https:\/\/api.w.org\/{rel}","templated":true}]}}